{"id":15354,"date":"2016-03-31T16:04:17","date_gmt":"2016-03-31T13:04:17","guid":{"rendered":"https:\/\/editura-unibuc.ro\/?post_type=product&#038;p=15354"},"modified":"2025-01-16T14:03:59","modified_gmt":"2025-01-16T12:03:59","slug":"sase-studii-fregeene","status":"publish","type":"product","link":"https:\/\/editura-unibuc.ro\/en\/sase-studii-fregeene\/","title":{"rendered":"\u015eASE STUDII FREGEENE"},"content":{"rendered":"<p>Volumul de fa\u0163\u0103 reune\u015fte traducerile \u00een limba rom\u00e2n\u0103 a \u015fase articole scrise de Sorin Costreie care abordeaz\u0103 diverse aspecte ale filosofiei lui Gottlob Frege.<\/p>\n","protected":false},"excerpt":{"rendered":"<p>Volumul de fa\u0163\u0103 reune\u015fte traducerile \u00een limba rom\u00e2n\u0103 a \u015fase articole scrise de Sorin Costreie care abordeaz\u0103 diverse aspecte ale filosofiei lui Gottlob Frege.<\/p>\n","protected":false},"featured_media":15355,"comment_status":"open","ping_status":"closed","template":"","meta":[],"product_brand":[],"product_cat":[991,994],"product_tag":[921,2028,2027],"class_list":{"0":"post-15354","1":"product","2":"type-product","3":"status-publish","4":"has-post-thumbnail","6":"product_cat-stiinte-sociale","7":"product_cat-filosofie","8":"product_tag-filosofie","9":"product_tag-gottlob-frege","10":"product_tag-sorin-costreie","12":"first","13":"instock","14":"shipping-taxable","15":"purchasable","16":"product-type-simple"},"_links":{"self":[{"href":"https:\/\/editura-unibuc.ro\/en\/wp-json\/wp\/v2\/product\/15354","targetHints":{"allow":["GET"]}}],"collection":[{"href":"https:\/\/editura-unibuc.ro\/en\/wp-json\/wp\/v2\/product"}],"about":[{"href":"https:\/\/editura-unibuc.ro\/en\/wp-json\/wp\/v2\/types\/product"}],"replies":[{"embeddable":true,"href":"https:\/\/editura-unibuc.ro\/en\/wp-json\/wp\/v2\/comments?post=15354"}],"wp:featuredmedia":[{"embeddable":true,"href":"https:\/\/editura-unibuc.ro\/en\/wp-json\/wp\/v2\/media\/15355"}],"wp:attachment":[{"href":"https:\/\/editura-unibuc.ro\/en\/wp-json\/wp\/v2\/media?parent=15354"}],"wp:term":[{"taxonomy":"product_brand","embeddable":true,"href":"https:\/\/editura-unibuc.ro\/en\/wp-json\/wp\/v2\/product_brand?post=15354"},{"taxonomy":"product_cat","embeddable":true,"href":"https:\/\/editura-unibuc.ro\/en\/wp-json\/wp\/v2\/product_cat?post=15354"},{"taxonomy":"product_tag","embeddable":true,"href":"https:\/\/editura-unibuc.ro\/en\/wp-json\/wp\/v2\/product_tag?post=15354"}],"curies":[{"name":"wp","href":"https:\/\/api.w.org\/{rel}","templated":true}]}}