{"id":15356,"date":"2016-03-31T16:07:57","date_gmt":"2016-03-31T13:07:57","guid":{"rendered":"https:\/\/editura-unibuc.ro\/?post_type=product&#038;p=15356"},"modified":"2024-04-10T10:40:20","modified_gmt":"2024-04-10T07:40:20","slug":"per-aspera","status":"publish","type":"product","link":"https:\/\/editura-unibuc.ro\/en\/per-aspera\/","title":{"rendered":"PER ASPERA\u2026"},"content":{"rendered":"<p>Volumul de fa\u0163\u0103 cuprinde lucr\u0103rile cu orientare lingvistic\u0103 elaborate de membri ai \u015ecolii doctorale de \u00abLimbi \u015fi identit\u0103\u0163i culturale\u00bb, din cadrul Facult\u0103\u0163ii de Limbi \u015fi Literaturi Str\u0103ine, a Universit\u0103\u0163ii din Bucure\u015fti.<\/p>\n","protected":false},"excerpt":{"rendered":"<p>Volumul de fa\u0163\u0103 cuprinde lucr\u0103rile cu orientare lingvistic\u0103 elaborate de membri ai \u015ecolii doctorale de \u00abLimbi \u015fi identit\u0103\u0163i culturale\u00bb, din cadrul Facult\u0103\u0163ii de Limbi \u015fi Literaturi Str\u0103ine, a Universit\u0103\u0163ii din Bucure\u015fti.<\/p>\n","protected":false},"featured_media":15357,"comment_status":"open","ping_status":"closed","template":"","meta":[],"product_brand":[],"product_cat":[1464,980],"product_tag":[1055,1807,1835,1228,2029],"class_list":{"0":"post-15356","1":"product","2":"type-product","3":"status-publish","4":"has-post-thumbnail","6":"product_cat-filologie","7":"product_cat-limbi-romanice-clasice-si-orientale","8":"product_tag-limba-engleza","9":"product_tag-limba-germana","10":"product_tag-limba-japoneza","11":"product_tag-limba-maghiara","12":"product_tag-limba-portugheza","14":"first","15":"instock","16":"shipping-taxable","17":"purchasable","18":"product-type-simple"},"_links":{"self":[{"href":"https:\/\/editura-unibuc.ro\/en\/wp-json\/wp\/v2\/product\/15356","targetHints":{"allow":["GET"]}}],"collection":[{"href":"https:\/\/editura-unibuc.ro\/en\/wp-json\/wp\/v2\/product"}],"about":[{"href":"https:\/\/editura-unibuc.ro\/en\/wp-json\/wp\/v2\/types\/product"}],"replies":[{"embeddable":true,"href":"https:\/\/editura-unibuc.ro\/en\/wp-json\/wp\/v2\/comments?post=15356"}],"wp:featuredmedia":[{"embeddable":true,"href":"https:\/\/editura-unibuc.ro\/en\/wp-json\/wp\/v2\/media\/15357"}],"wp:attachment":[{"href":"https:\/\/editura-unibuc.ro\/en\/wp-json\/wp\/v2\/media?parent=15356"}],"wp:term":[{"taxonomy":"product_brand","embeddable":true,"href":"https:\/\/editura-unibuc.ro\/en\/wp-json\/wp\/v2\/product_brand?post=15356"},{"taxonomy":"product_cat","embeddable":true,"href":"https:\/\/editura-unibuc.ro\/en\/wp-json\/wp\/v2\/product_cat?post=15356"},{"taxonomy":"product_tag","embeddable":true,"href":"https:\/\/editura-unibuc.ro\/en\/wp-json\/wp\/v2\/product_tag?post=15356"}],"curies":[{"name":"wp","href":"https:\/\/api.w.org\/{rel}","templated":true}]}}