{"id":15358,"date":"2016-03-31T16:10:00","date_gmt":"2016-03-31T13:10:00","guid":{"rendered":"https:\/\/editura-unibuc.ro\/?post_type=product&#038;p=15358"},"modified":"2024-04-10T09:52:37","modified_gmt":"2024-04-10T06:52:37","slug":"a-drt-analysis-of-romanian-clitic-doubling","status":"publish","type":"product","link":"https:\/\/editura-unibuc.ro\/en\/a-drt-analysis-of-romanian-clitic-doubling\/","title":{"rendered":"A DRT ANALYSIS OF ROMANIAN CLITIC DOUBLING"},"content":{"rendered":"<p>Cartea propune un studiu al dubl\u0103rii prin clitice a obiectului direct \u00een limba rom\u00e2n\u0103, dintr-o perspectiv\u0103 actual\u0103, \u015fi anume aceea a teoriei reprezent\u0103rii discursului (DRT).<\/p>\n","protected":false},"excerpt":{"rendered":"<p>Cartea propune un studiu al dubl\u0103rii prin clitice a obiectului direct \u00een limba rom\u00e2n\u0103, dintr-o perspectiv\u0103 actual\u0103, \u015fi anume aceea a teoriei reprezent\u0103rii discursului (DRT).<\/p>\n","protected":false},"featured_media":15359,"comment_status":"open","ping_status":"closed","template":"","meta":[],"product_brand":[],"product_cat":[1464,976],"product_tag":[2030,1055,1011,2031],"class_list":{"0":"post-15358","1":"product","2":"type-product","3":"status-publish","4":"has-post-thumbnail","6":"product_cat-filologie","7":"product_cat-limba-engleza","8":"product_tag-alina-tigau","9":"product_tag-limba-engleza","10":"product_tag-limba-romana","11":"product_tag-teoria-reprezentarii-discursului","13":"first","14":"instock","15":"shipping-taxable","16":"purchasable","17":"product-type-simple"},"_links":{"self":[{"href":"https:\/\/editura-unibuc.ro\/en\/wp-json\/wp\/v2\/product\/15358","targetHints":{"allow":["GET"]}}],"collection":[{"href":"https:\/\/editura-unibuc.ro\/en\/wp-json\/wp\/v2\/product"}],"about":[{"href":"https:\/\/editura-unibuc.ro\/en\/wp-json\/wp\/v2\/types\/product"}],"replies":[{"embeddable":true,"href":"https:\/\/editura-unibuc.ro\/en\/wp-json\/wp\/v2\/comments?post=15358"}],"wp:featuredmedia":[{"embeddable":true,"href":"https:\/\/editura-unibuc.ro\/en\/wp-json\/wp\/v2\/media\/15359"}],"wp:attachment":[{"href":"https:\/\/editura-unibuc.ro\/en\/wp-json\/wp\/v2\/media?parent=15358"}],"wp:term":[{"taxonomy":"product_brand","embeddable":true,"href":"https:\/\/editura-unibuc.ro\/en\/wp-json\/wp\/v2\/product_brand?post=15358"},{"taxonomy":"product_cat","embeddable":true,"href":"https:\/\/editura-unibuc.ro\/en\/wp-json\/wp\/v2\/product_cat?post=15358"},{"taxonomy":"product_tag","embeddable":true,"href":"https:\/\/editura-unibuc.ro\/en\/wp-json\/wp\/v2\/product_tag?post=15358"}],"curies":[{"name":"wp","href":"https:\/\/api.w.org\/{rel}","templated":true}]}}