{"id":15366,"date":"2016-03-31T16:22:36","date_gmt":"2016-03-31T13:22:36","guid":{"rendered":"https:\/\/editura-unibuc.ro\/?post_type=product&#038;p=15366"},"modified":"2019-10-22T11:41:54","modified_gmt":"2019-10-22T08:41:54","slug":"joc-joaca-jucarii","status":"publish","type":"product","link":"https:\/\/editura-unibuc.ro\/en\/joc-joaca-jucarii\/","title":{"rendered":"JOC JOAC\u0102 JUC\u0102RII"},"content":{"rendered":"<p>ACTELE COLOCVIULUI NA\u0162IONAL organizat de DEPARTAMENTUL DE FILOLOGIE CLASIC\u0102 \u015eI NEOGREAC\u0102 \u015fi de Institutul de Studii Clasice din Facultatea de Limbi \u015fi Literaturi Str\u0103ine<\/p>\n","protected":false},"excerpt":{"rendered":"<p>ACTELE COLOCVIULUI NA\u0162IONAL organizat de DEPARTAMENTUL DE FILOLOGIE CLASIC\u0102 \u015eI NEOGREAC\u0102 \u015fi de Institutul de Studii Clasice din Facultatea de Limbi \u015fi Literaturi Str\u0103ine<\/p>\n","protected":false},"featured_media":15367,"comment_status":"open","ping_status":"closed","template":"","meta":[],"product_brand":[],"product_cat":[1531,856,1464,980],"product_tag":[2038,2037],"class_list":{"0":"post-15366","1":"product","2":"type-product","3":"status-publish","4":"has-post-thumbnail","6":"product_cat-colectii","7":"product_cat-colectia-lci-limbi-culturi-identitati","8":"product_cat-filologie","9":"product_cat-limbi-romanice-clasice-si-orientale","10":"product_tag-joaca","11":"product_tag-joc","13":"first","14":"outofstock","15":"shipping-taxable","16":"purchasable","17":"product-type-simple"},"_links":{"self":[{"href":"https:\/\/editura-unibuc.ro\/en\/wp-json\/wp\/v2\/product\/15366","targetHints":{"allow":["GET"]}}],"collection":[{"href":"https:\/\/editura-unibuc.ro\/en\/wp-json\/wp\/v2\/product"}],"about":[{"href":"https:\/\/editura-unibuc.ro\/en\/wp-json\/wp\/v2\/types\/product"}],"replies":[{"embeddable":true,"href":"https:\/\/editura-unibuc.ro\/en\/wp-json\/wp\/v2\/comments?post=15366"}],"wp:featuredmedia":[{"embeddable":true,"href":"https:\/\/editura-unibuc.ro\/en\/wp-json\/wp\/v2\/media\/15367"}],"wp:attachment":[{"href":"https:\/\/editura-unibuc.ro\/en\/wp-json\/wp\/v2\/media?parent=15366"}],"wp:term":[{"taxonomy":"product_brand","embeddable":true,"href":"https:\/\/editura-unibuc.ro\/en\/wp-json\/wp\/v2\/product_brand?post=15366"},{"taxonomy":"product_cat","embeddable":true,"href":"https:\/\/editura-unibuc.ro\/en\/wp-json\/wp\/v2\/product_cat?post=15366"},{"taxonomy":"product_tag","embeddable":true,"href":"https:\/\/editura-unibuc.ro\/en\/wp-json\/wp\/v2\/product_tag?post=15366"}],"curies":[{"name":"wp","href":"https:\/\/api.w.org\/{rel}","templated":true}]}}