{"id":15368,"date":"2016-03-31T16:24:42","date_gmt":"2016-03-31T13:24:42","guid":{"rendered":"https:\/\/editura-unibuc.ro\/?post_type=product&#038;p=15368"},"modified":"2019-10-23T15:26:28","modified_gmt":"2019-10-23T12:26:28","slug":"pe-valea-nistrului","status":"publish","type":"product","link":"https:\/\/editura-unibuc.ro\/en\/pe-valea-nistrului\/","title":{"rendered":"PE VALEA NISTRULUI"},"content":{"rendered":"<p>\u00cen aceast\u0103 carte autorul \u00eencearc\u0103 s\u0103 readuc\u0103 \u00een discu\u0163ie idei \u015fi probleme specifice zonei Nistrului, privite \u00eentr-un amplu context de condi\u0163ion\u0103ri geografice \u015fi istorice.<\/p>\n","protected":false},"excerpt":{"rendered":"<p>\u00cen aceast\u0103 carte autorul \u00eencearc\u0103 s\u0103 readuc\u0103 \u00een discu\u0163ie idei \u015fi probleme specifice zonei Nistrului, privite \u00eentr-un amplu context de condi\u0163ion\u0103ri geografice \u015fi istorice.<\/p>\n","protected":false},"featured_media":15369,"comment_status":"open","ping_status":"closed","template":"","meta":[],"product_brand":[],"product_cat":[1464,979],"product_tag":[2022,1341,1730],"class_list":{"0":"post-15368","1":"product","2":"type-product","3":"status-publish","4":"has-post-thumbnail","6":"product_cat-filologie","7":"product_cat-limba-romana","8":"product_tag-constantin-geambasu","9":"product_tag-polonia","10":"product_tag-ucraina","12":"first","13":"instock","14":"shipping-taxable","15":"purchasable","16":"product-type-simple"},"_links":{"self":[{"href":"https:\/\/editura-unibuc.ro\/en\/wp-json\/wp\/v2\/product\/15368","targetHints":{"allow":["GET"]}}],"collection":[{"href":"https:\/\/editura-unibuc.ro\/en\/wp-json\/wp\/v2\/product"}],"about":[{"href":"https:\/\/editura-unibuc.ro\/en\/wp-json\/wp\/v2\/types\/product"}],"replies":[{"embeddable":true,"href":"https:\/\/editura-unibuc.ro\/en\/wp-json\/wp\/v2\/comments?post=15368"}],"wp:featuredmedia":[{"embeddable":true,"href":"https:\/\/editura-unibuc.ro\/en\/wp-json\/wp\/v2\/media\/15369"}],"wp:attachment":[{"href":"https:\/\/editura-unibuc.ro\/en\/wp-json\/wp\/v2\/media?parent=15368"}],"wp:term":[{"taxonomy":"product_brand","embeddable":true,"href":"https:\/\/editura-unibuc.ro\/en\/wp-json\/wp\/v2\/product_brand?post=15368"},{"taxonomy":"product_cat","embeddable":true,"href":"https:\/\/editura-unibuc.ro\/en\/wp-json\/wp\/v2\/product_cat?post=15368"},{"taxonomy":"product_tag","embeddable":true,"href":"https:\/\/editura-unibuc.ro\/en\/wp-json\/wp\/v2\/product_tag?post=15368"}],"curies":[{"name":"wp","href":"https:\/\/api.w.org\/{rel}","templated":true}]}}