{"id":15372,"date":"2016-03-31T16:29:39","date_gmt":"2016-03-31T13:29:39","guid":{"rendered":"https:\/\/editura-unibuc.ro\/?post_type=product&#038;p=15372"},"modified":"2016-03-31T16:29:39","modified_gmt":"2016-03-31T13:29:39","slug":"relatii-culturale-romano-polone-in-perioada-1900-1945","status":"publish","type":"product","link":"https:\/\/editura-unibuc.ro\/en\/relatii-culturale-romano-polone-in-perioada-1900-1945\/","title":{"rendered":"RELA\u0162II CULTURALE ROM\u00c2NO-POLONE \u00ceN PERIOADA 1900-1945"},"content":{"rendered":"<p>Lucrarea cuprinde documente de arhiv\u0103 \u015fi din publica\u0163iile vremii \u015fi are ca scop informarea publicului cu privire la aceast\u0103 perioad\u0103 istoric\u0103 mai pu\u0163in cunoscut\u0103.<\/p>\n","protected":false},"excerpt":{"rendered":"<p>Lucrarea cuprinde documente de arhiv\u0103 \u015fi din publica\u0163iile vremii \u015fi are ca scop informarea publicului cu privire la aceast\u0103 perioad\u0103 istoric\u0103 mai pu\u0163in cunoscut\u0103.<\/p>\n","protected":false},"featured_media":15373,"comment_status":"open","ping_status":"closed","template":"","meta":[],"product_brand":[],"product_cat":[991,995],"product_tag":[881,1341,930],"class_list":{"0":"post-15372","1":"product","2":"type-product","3":"status-publish","4":"has-post-thumbnail","6":"product_cat-stiinte-sociale","7":"product_cat-istorie-stiinte-politice","8":"product_tag-istorie","9":"product_tag-polonia","10":"product_tag-romania","12":"first","13":"instock","14":"shipping-taxable","15":"purchasable","16":"product-type-simple"},"_links":{"self":[{"href":"https:\/\/editura-unibuc.ro\/en\/wp-json\/wp\/v2\/product\/15372","targetHints":{"allow":["GET"]}}],"collection":[{"href":"https:\/\/editura-unibuc.ro\/en\/wp-json\/wp\/v2\/product"}],"about":[{"href":"https:\/\/editura-unibuc.ro\/en\/wp-json\/wp\/v2\/types\/product"}],"replies":[{"embeddable":true,"href":"https:\/\/editura-unibuc.ro\/en\/wp-json\/wp\/v2\/comments?post=15372"}],"wp:featuredmedia":[{"embeddable":true,"href":"https:\/\/editura-unibuc.ro\/en\/wp-json\/wp\/v2\/media\/15373"}],"wp:attachment":[{"href":"https:\/\/editura-unibuc.ro\/en\/wp-json\/wp\/v2\/media?parent=15372"}],"wp:term":[{"taxonomy":"product_brand","embeddable":true,"href":"https:\/\/editura-unibuc.ro\/en\/wp-json\/wp\/v2\/product_brand?post=15372"},{"taxonomy":"product_cat","embeddable":true,"href":"https:\/\/editura-unibuc.ro\/en\/wp-json\/wp\/v2\/product_cat?post=15372"},{"taxonomy":"product_tag","embeddable":true,"href":"https:\/\/editura-unibuc.ro\/en\/wp-json\/wp\/v2\/product_tag?post=15372"}],"curies":[{"name":"wp","href":"https:\/\/api.w.org\/{rel}","templated":true}]}}