{"id":15376,"date":"2016-03-31T16:35:25","date_gmt":"2016-03-31T13:35:25","guid":{"rendered":"https:\/\/editura-unibuc.ro\/?post_type=product&#038;p=15376"},"modified":"2024-04-10T10:38:07","modified_gmt":"2024-04-10T07:38:07","slug":"meridiane-literare-file-din-istoria-literaturii-europene","status":"publish","type":"product","link":"https:\/\/editura-unibuc.ro\/en\/meridiane-literare-file-din-istoria-literaturii-europene\/","title":{"rendered":"MERIDIANE LITERARE. FILE DIN ISTORIA LITERATURII EUROPENE"},"content":{"rendered":"<p>\u00cen acest volum, ca \u015fi \u00een altele, meritul profesorului Corneliu Barbaric\u0103 const\u0103 \u00een demersul de integrare a literaturilor slave \u00een contextul european \u015fi universal.<\/p>\n","protected":false},"excerpt":{"rendered":"<p>\u00cen acest volum, ca \u015fi \u00een altele, meritul profesorului Corneliu Barbaric\u0103 const\u0103 \u00een demersul de integrare a literaturilor slave \u00een contextul european \u015fi universal.<\/p>\n","protected":false},"featured_media":15377,"comment_status":"open","ping_status":"closed","template":"","meta":[],"product_brand":[],"product_cat":[1464,979],"product_tag":[2045,2044,1760,2043],"class_list":{"0":"post-15376","1":"product","2":"type-product","3":"status-publish","4":"has-post-thumbnail","6":"product_cat-filologie","7":"product_cat-limba-romana","8":"product_tag-barborica","9":"product_tag-literatura-est-europeana","10":"product_tag-literatura-rusa","11":"product_tag-literatura-slava","13":"first","14":"instock","15":"shipping-taxable","16":"purchasable","17":"product-type-simple"},"_links":{"self":[{"href":"https:\/\/editura-unibuc.ro\/en\/wp-json\/wp\/v2\/product\/15376","targetHints":{"allow":["GET"]}}],"collection":[{"href":"https:\/\/editura-unibuc.ro\/en\/wp-json\/wp\/v2\/product"}],"about":[{"href":"https:\/\/editura-unibuc.ro\/en\/wp-json\/wp\/v2\/types\/product"}],"replies":[{"embeddable":true,"href":"https:\/\/editura-unibuc.ro\/en\/wp-json\/wp\/v2\/comments?post=15376"}],"wp:featuredmedia":[{"embeddable":true,"href":"https:\/\/editura-unibuc.ro\/en\/wp-json\/wp\/v2\/media\/15377"}],"wp:attachment":[{"href":"https:\/\/editura-unibuc.ro\/en\/wp-json\/wp\/v2\/media?parent=15376"}],"wp:term":[{"taxonomy":"product_brand","embeddable":true,"href":"https:\/\/editura-unibuc.ro\/en\/wp-json\/wp\/v2\/product_brand?post=15376"},{"taxonomy":"product_cat","embeddable":true,"href":"https:\/\/editura-unibuc.ro\/en\/wp-json\/wp\/v2\/product_cat?post=15376"},{"taxonomy":"product_tag","embeddable":true,"href":"https:\/\/editura-unibuc.ro\/en\/wp-json\/wp\/v2\/product_tag?post=15376"}],"curies":[{"name":"wp","href":"https:\/\/api.w.org\/{rel}","templated":true}]}}