{"id":15378,"date":"2016-03-31T16:37:46","date_gmt":"2016-03-31T13:37:46","guid":{"rendered":"https:\/\/editura-unibuc.ro\/?post_type=product&#038;p=15378"},"modified":"2026-02-11T10:15:57","modified_gmt":"2026-02-11T08:15:57","slug":"au-dela-du-regard-representations-du-corps-hermaphrodite-chez-huysmans","status":"publish","type":"product","link":"https:\/\/editura-unibuc.ro\/en\/au-dela-du-regard-representations-du-corps-hermaphrodite-chez-huysmans\/","title":{"rendered":"AU-DELA DU REGARD; REPRESENTATIONS DU CORPS HERMAPHRODITE CHEZ HUYSMANS"},"content":{"rendered":"<p>Identific\u00e2nd cu aten\u0163ie \u015fi fine\u0163e mecanismele reprezenta\u0163ionale folosite de Huysmans pentru a configura \u00een zona inteligibilului normativ corpul hermafrodit, autorul define\u015fte explicit miza acestei lucr\u0103ri scrise \u00een limba francez\u0103, plas\u00e2nd aceste mecanisme \u00eentr-un tablou complex de reprezent\u0103ri al secolului al XIX-lea.<\/p>\n","protected":false},"excerpt":{"rendered":"<p>Identific\u00e2nd cu aten\u0163ie \u015fi fine\u0163e mecanismele reprezenta\u0163ionale folosite de Huysmans pentru a configura \u00een zona inteligibilului normativ corpul hermafrodit, autorul define\u015fte explicit miza acestei lucr\u0103ri scrise \u00een limba francez\u0103, plas\u00e2nd aceste mecanisme \u00eentr-un tablou complex de reprezent\u0103ri al secolului al XIX-lea.<\/p>\n","protected":false},"featured_media":15379,"comment_status":"open","ping_status":"closed","template":"","meta":[],"product_brand":[],"product_cat":[1464,977],"product_tag":[1168,2046],"class_list":{"0":"post-15378","1":"product","2":"type-product","3":"status-publish","4":"has-post-thumbnail","6":"product_cat-filologie","7":"product_cat-limba-franceza","8":"product_tag-limba-franceza","9":"product_tag-mihaela-stanica","11":"first","12":"instock","13":"shipping-taxable","14":"purchasable","15":"product-type-simple"},"_links":{"self":[{"href":"https:\/\/editura-unibuc.ro\/en\/wp-json\/wp\/v2\/product\/15378","targetHints":{"allow":["GET"]}}],"collection":[{"href":"https:\/\/editura-unibuc.ro\/en\/wp-json\/wp\/v2\/product"}],"about":[{"href":"https:\/\/editura-unibuc.ro\/en\/wp-json\/wp\/v2\/types\/product"}],"replies":[{"embeddable":true,"href":"https:\/\/editura-unibuc.ro\/en\/wp-json\/wp\/v2\/comments?post=15378"}],"wp:featuredmedia":[{"embeddable":true,"href":"https:\/\/editura-unibuc.ro\/en\/wp-json\/wp\/v2\/media\/15379"}],"wp:attachment":[{"href":"https:\/\/editura-unibuc.ro\/en\/wp-json\/wp\/v2\/media?parent=15378"}],"wp:term":[{"taxonomy":"product_brand","embeddable":true,"href":"https:\/\/editura-unibuc.ro\/en\/wp-json\/wp\/v2\/product_brand?post=15378"},{"taxonomy":"product_cat","embeddable":true,"href":"https:\/\/editura-unibuc.ro\/en\/wp-json\/wp\/v2\/product_cat?post=15378"},{"taxonomy":"product_tag","embeddable":true,"href":"https:\/\/editura-unibuc.ro\/en\/wp-json\/wp\/v2\/product_tag?post=15378"}],"curies":[{"name":"wp","href":"https:\/\/api.w.org\/{rel}","templated":true}]}}