{"id":1547,"date":"2012-09-06T10:31:08","date_gmt":"2012-09-06T07:31:08","guid":{"rendered":"https:\/\/editura-unibuc.ro\/?p=1547"},"modified":"2018-06-15T09:56:20","modified_gmt":"2018-06-15T06:56:20","slug":"limba-romana-ipostaze-ale-variatiei-lingvistice-ii-pragmatica-si-stilistica","status":"publish","type":"product","link":"https:\/\/editura-unibuc.ro\/en\/limba-romana-ipostaze-ale-variatiei-lingvistice-ii-pragmatica-si-stilistica\/","title":{"rendered":"ROMANIAN LANGUAGE. HYPOSTASES OF LINGUISTIC VARIATION. II . Pragmatics and stylistics. Proceedings of the 10th Colloquium of the Romanian language Department (Bucharest, 3rd-4th December 2010)"},"content":{"rendered":"<p>\u00cen volumul al II-lea, consacrat pragmaticii \u0219i stilisticii, sunt reunite studii despre eufemism, agresarea numelor proprii, conversa\u021bia fatic\u0103 masculin\u0103, comunicarea \u00een mediul profesional, comunicarea online, semiotica numelor de firme, nara\u021biunea \u00een interviu, arhaicitatea limbajului religios, jocul de cuvinte \u0219i varia\u021biile ludice \u00een limbajul presei, despre prezentative, modalizatori, conectori etc. Mai multe studii au ca obiect textul literar. \u00cen volum este reprezentat\u0103 \u0219i sociolingvistica, analiza actelor de vorbire, o tentativ\u0103 de pragmatic\u0103 contrastiv\u0103. O parte consistent\u0103 a volumului este centrat\u0103 asupra discursului politic, prin studii despre dubla nega\u021bie, despre ethosul de grup \u00een discursul parlamentar, dar mai ales prin masa rotund\u0103 despre istoria discursului parlamentar rom\u00e2nesc, abordat din perspectiv\u0103 pragmatic\u0103 \u0219i cu instrumente retorice.<\/p>\n","protected":false},"excerpt":{"rendered":"<p>\u00cen volumul al II-lea, consacrat pragmaticii \u0219i stilisticii, sunt reunite studii despre eufemism, agresarea numelor proprii, conversa\u021bia fatic\u0103 masculin\u0103, comunicarea \u00een mediul profesional, comunicarea online, semiotica numelor de firme, nara\u021biunea \u00een interviu, arhaicitatea limbajului religios, jocul de cuvinte \u0219i varia\u021biile ludice \u00een limbajul presei, despre prezentative, modalizatori, conectori etc. Mai multe studii au ca obiect [&hellip;]<\/p>\n","protected":false},"featured_media":11182,"comment_status":"open","ping_status":"closed","template":"","meta":[],"product_brand":[],"product_cat":[1464,979],"product_tag":[895,925],"class_list":{"0":"post-1547","1":"product","2":"type-product","3":"status-publish","4":"has-post-thumbnail","6":"product_cat-filologie","7":"product_cat-limba-romana","8":"product_tag-lingvistica","9":"product_tag-romana","11":"first","12":"outofstock","13":"shipping-taxable","14":"purchasable","15":"product-type-simple"},"_links":{"self":[{"href":"https:\/\/editura-unibuc.ro\/en\/wp-json\/wp\/v2\/product\/1547","targetHints":{"allow":["GET"]}}],"collection":[{"href":"https:\/\/editura-unibuc.ro\/en\/wp-json\/wp\/v2\/product"}],"about":[{"href":"https:\/\/editura-unibuc.ro\/en\/wp-json\/wp\/v2\/types\/product"}],"replies":[{"embeddable":true,"href":"https:\/\/editura-unibuc.ro\/en\/wp-json\/wp\/v2\/comments?post=1547"}],"wp:featuredmedia":[{"embeddable":true,"href":"https:\/\/editura-unibuc.ro\/en\/wp-json\/wp\/v2\/media\/11182"}],"wp:attachment":[{"href":"https:\/\/editura-unibuc.ro\/en\/wp-json\/wp\/v2\/media?parent=1547"}],"wp:term":[{"taxonomy":"product_brand","embeddable":true,"href":"https:\/\/editura-unibuc.ro\/en\/wp-json\/wp\/v2\/product_brand?post=1547"},{"taxonomy":"product_cat","embeddable":true,"href":"https:\/\/editura-unibuc.ro\/en\/wp-json\/wp\/v2\/product_cat?post=1547"},{"taxonomy":"product_tag","embeddable":true,"href":"https:\/\/editura-unibuc.ro\/en\/wp-json\/wp\/v2\/product_tag?post=1547"}],"curies":[{"name":"wp","href":"https:\/\/api.w.org\/{rel}","templated":true}]}}