{"id":15605,"date":"2016-04-18T23:17:46","date_gmt":"2016-04-18T20:17:46","guid":{"rendered":"https:\/\/editura-unibuc.ro\/magazin\/repere-revista-de-stiintele-educatiei-vol-9-nr-22015\/"},"modified":"2020-06-05T12:20:52","modified_gmt":"2020-06-05T09:20:52","slug":"repere-revista-de-stiintele-educatiei-vol-9-nr-22015","status":"publish","type":"product","link":"https:\/\/editura-unibuc.ro\/en\/repere-revista-de-stiintele-educatiei-vol-9-nr-22015\/","title":{"rendered":"REPERE \u2013 REVIST\u0102 DE \u015eTIIN\u0162ELE EDUCA\u0162IEI, VOL. 9, NR. 2\/2015"},"content":{"rendered":"<p>Revist\u0103 editat\u0103 de Universitatea din Bucure\u015fti, Facultatea de Psihologie \u015fi \u015etiin\u0163ele Educa\u0163iei<\/p>\n","protected":false},"excerpt":{"rendered":"<p>Revist\u0103 editat\u0103 de Universitatea din Bucure\u015fti, Facultatea de Psihologie \u015fi \u015etiin\u0163ele Educa\u0163iei<\/p>\n","protected":false},"featured_media":15607,"comment_status":"open","ping_status":"closed","template":"","meta":[],"product_brand":[],"product_cat":[1891,1469,1893,991,997],"product_tag":[1686,2059,1170,1304,1316],"class_list":{"0":"post-15605","1":"product","2":"type-product","3":"status-publish","4":"has-post-thumbnail","6":"product_cat-download","7":"product_cat-periodice","8":"product_cat-reviste-academice","9":"product_cat-stiinte-sociale","10":"product_cat-psihologie-stiintele-educatiei-si-pedagogie","11":"product_tag-cadre-didactice","12":"product_tag-curriculum-national","13":"product_tag-educatie","14":"product_tag-invatamant","15":"product_tag-pedagogie","17":"first","18":"instock","19":"downloadable","20":"virtual","21":"product-type-simple"},"_links":{"self":[{"href":"https:\/\/editura-unibuc.ro\/en\/wp-json\/wp\/v2\/product\/15605","targetHints":{"allow":["GET"]}}],"collection":[{"href":"https:\/\/editura-unibuc.ro\/en\/wp-json\/wp\/v2\/product"}],"about":[{"href":"https:\/\/editura-unibuc.ro\/en\/wp-json\/wp\/v2\/types\/product"}],"replies":[{"embeddable":true,"href":"https:\/\/editura-unibuc.ro\/en\/wp-json\/wp\/v2\/comments?post=15605"}],"wp:featuredmedia":[{"embeddable":true,"href":"https:\/\/editura-unibuc.ro\/en\/wp-json\/wp\/v2\/media\/15607"}],"wp:attachment":[{"href":"https:\/\/editura-unibuc.ro\/en\/wp-json\/wp\/v2\/media?parent=15605"}],"wp:term":[{"taxonomy":"product_brand","embeddable":true,"href":"https:\/\/editura-unibuc.ro\/en\/wp-json\/wp\/v2\/product_brand?post=15605"},{"taxonomy":"product_cat","embeddable":true,"href":"https:\/\/editura-unibuc.ro\/en\/wp-json\/wp\/v2\/product_cat?post=15605"},{"taxonomy":"product_tag","embeddable":true,"href":"https:\/\/editura-unibuc.ro\/en\/wp-json\/wp\/v2\/product_tag?post=15605"}],"curies":[{"name":"wp","href":"https:\/\/api.w.org\/{rel}","templated":true}]}}