{"id":1564,"date":"2012-09-06T11:02:50","date_gmt":"2012-09-06T08:02:50","guid":{"rendered":"https:\/\/editura-unibuc.ro\/?p=1564"},"modified":"2024-03-13T09:14:25","modified_gmt":"2024-03-13T07:14:25","slug":"postcolonialismpostcommunism-intersections-overlaps","status":"publish","type":"product","link":"https:\/\/editura-unibuc.ro\/en\/postcolonialismpostcommunism-intersections-overlaps\/","title":{"rendered":"POSTCOLONIALISM\/POSTCOMMUNISM. INTERSECTIONS AND OVERLAPS"},"content":{"rendered":"<p>Part I: Textuality, language and conceptual redefinitions; Part II: Ideological reconfigurations; Part III: Rewriting history through literature and culture.<br \/>\nCartea trateaz\u0103 tema asem\u0103n\u0103rii dintre structura epocii postcolonialiste \u0219i a celei care a succedat comunismul \u00een \u021b\u0103rile blocului estic. \u00cen volum sunt reunite cercet\u0103ri ale unor speciali\u0219ti \u00een ambele direc\u021bii, ele lucr\u00e2nd cu concepte din aria studiilor culturale, lingvistic-conceptuale \u0219i ideologice.<\/p>\n","protected":false},"excerpt":{"rendered":"<p>Part I: Textuality, language and conceptual redefinitions; Part II: Ideological reconfigurations; Part III: Rewriting history through literature and culture. Cartea trateaz\u0103 tema asem\u0103n\u0103rii dintre structura epocii postcolonialiste \u0219i a celei care a succedat comunismul \u00een \u021b\u0103rile blocului estic. \u00cen volum sunt reunite cercet\u0103ri ale unor speciali\u0219ti \u00een ambele direc\u021bii, ele lucr\u00e2nd cu concepte din aria [&hellip;]<\/p>\n","protected":false},"featured_media":11171,"comment_status":"open","ping_status":"closed","template":"","meta":[],"product_brand":[],"product_cat":[1464,976],"product_tag":[920,926,919],"class_list":{"0":"post-1564","1":"product","2":"type-product","3":"status-publish","4":"has-post-thumbnail","6":"product_cat-filologie","7":"product_cat-limba-engleza","8":"product_tag-cultura","9":"product_tag-engleza","10":"product_tag-literatura","12":"first","13":"outofstock","14":"shipping-taxable","15":"purchasable","16":"product-type-simple"},"_links":{"self":[{"href":"https:\/\/editura-unibuc.ro\/en\/wp-json\/wp\/v2\/product\/1564","targetHints":{"allow":["GET"]}}],"collection":[{"href":"https:\/\/editura-unibuc.ro\/en\/wp-json\/wp\/v2\/product"}],"about":[{"href":"https:\/\/editura-unibuc.ro\/en\/wp-json\/wp\/v2\/types\/product"}],"replies":[{"embeddable":true,"href":"https:\/\/editura-unibuc.ro\/en\/wp-json\/wp\/v2\/comments?post=1564"}],"wp:featuredmedia":[{"embeddable":true,"href":"https:\/\/editura-unibuc.ro\/en\/wp-json\/wp\/v2\/media\/11171"}],"wp:attachment":[{"href":"https:\/\/editura-unibuc.ro\/en\/wp-json\/wp\/v2\/media?parent=1564"}],"wp:term":[{"taxonomy":"product_brand","embeddable":true,"href":"https:\/\/editura-unibuc.ro\/en\/wp-json\/wp\/v2\/product_brand?post=1564"},{"taxonomy":"product_cat","embeddable":true,"href":"https:\/\/editura-unibuc.ro\/en\/wp-json\/wp\/v2\/product_cat?post=1564"},{"taxonomy":"product_tag","embeddable":true,"href":"https:\/\/editura-unibuc.ro\/en\/wp-json\/wp\/v2\/product_tag?post=1564"}],"curies":[{"name":"wp","href":"https:\/\/api.w.org\/{rel}","templated":true}]}}