{"id":1568,"date":"2012-09-06T11:11:24","date_gmt":"2012-09-06T08:11:24","guid":{"rendered":"https:\/\/editura-unibuc.ro\/?p=1568"},"modified":"2015-03-12T22:33:49","modified_gmt":"2015-03-12T20:33:49","slug":"neograeca-bucurestiensia-honorem-constantini-dimadis","status":"publish","type":"product","link":"https:\/\/editura-unibuc.ro\/en\/neograeca-bucurestiensia-honorem-constantini-dimadis\/","title":{"rendered":"NEOGRAECA BUCURESTIENSIA. IN HONOREM CONSTANTINI DIMADIS."},"content":{"rendered":"<p>Volumul Neograeca Bucurestiensia 2 este \u00eenchinat marelui elenist Konstantinos Dimadis, doctor honoris causa al Universit\u0103\u021bii din Bucure\u0219ti, la \u00eemplinirea v\u00e2rstei de \u0219aptezeci de ani. Pe l\u00e2ng\u0103 materialele menite s\u0103 contureze personalitatea celui s\u0103rb\u0103torit (laudatio, biografie, list\u0103 de publica\u021bii), acesta reune\u0219te \u0219apte conferin\u021be sus\u021binute \u00een cadrul sec\u021biei de limba \u0219i literatura neogreac\u0103 a Universit\u0103\u021bii din Bucure\u0219ti de c\u0103tre reputa\u021bi profesori provenind de la universit\u0103\u021bi din tot at\u00e2tea \u021b\u0103ri (Grecia, Cipru, Germania, Italia, Bulgaria, Letonia, Australia). Acestea aduc contribu\u021bii \u0219tiintifice importante \u00een varii sfere ale culturii grece\u0219ti at\u00e2t antice (poezia lui Pindar \u0219i textele medicale), c\u00e2t \u0219i moderne (dialectele grece\u0219ti din Bulgaria, paraliteratura \u00een Grecia secolului XIX, rela\u021biile dintre Nikos Kazantzakis \u0219i Federico Garcia Lorca, mitul antic \u0219i dramaturgia greac\u0103 actual\u0103). Un interes particular pentru noi rom\u00e2nii \u00eel prezint\u0103 contribu\u021biile inedite dedicate leg\u0103turilor dintre lumea greac\u0103 postbizantin\u0103 \u0219i Principatele Rom\u00e2ne (Valahii \u0219i Valahia \u00een Erotocrit, rela\u021biile dintre m\u0103n\u0103stirea Kykkos \u0219i \u021a\u0103rile Rom\u00e2ne).<\/p>\n","protected":false},"excerpt":{"rendered":"<p>Volumul Neograeca Bucurestiensia 2 este \u00eenchinat marelui elenist Konstantinos Dimadis, doctor honoris causa al Universit\u0103\u021bii din Bucure\u0219ti, la \u00eemplinirea v\u00e2rstei de \u0219aptezeci de ani. Pe l\u00e2ng\u0103 materialele menite s\u0103 contureze personalitatea celui s\u0103rb\u0103torit (laudatio, biografie, list\u0103 de publica\u021bii), acesta reune\u0219te \u0219apte conferin\u021be sus\u021binute \u00een cadrul sec\u021biei de limba \u0219i literatura neogreac\u0103 a Universit\u0103\u021bii din Bucure\u0219ti [&hellip;]<\/p>\n","protected":false},"featured_media":11168,"comment_status":"closed","ping_status":"closed","template":"","meta":[],"product_brand":[],"product_cat":[856],"product_tag":[901,945],"class_list":{"0":"post-1568","1":"product","2":"type-product","3":"status-publish","4":"has-post-thumbnail","6":"product_cat-colectia-lci-limbi-culturi-identitati","7":"product_tag-greaca","8":"product_tag-neogreaca","10":"first","11":"instock","12":"shipping-taxable","13":"purchasable","14":"product-type-simple"},"_links":{"self":[{"href":"https:\/\/editura-unibuc.ro\/en\/wp-json\/wp\/v2\/product\/1568","targetHints":{"allow":["GET"]}}],"collection":[{"href":"https:\/\/editura-unibuc.ro\/en\/wp-json\/wp\/v2\/product"}],"about":[{"href":"https:\/\/editura-unibuc.ro\/en\/wp-json\/wp\/v2\/types\/product"}],"replies":[{"embeddable":true,"href":"https:\/\/editura-unibuc.ro\/en\/wp-json\/wp\/v2\/comments?post=1568"}],"wp:featuredmedia":[{"embeddable":true,"href":"https:\/\/editura-unibuc.ro\/en\/wp-json\/wp\/v2\/media\/11168"}],"wp:attachment":[{"href":"https:\/\/editura-unibuc.ro\/en\/wp-json\/wp\/v2\/media?parent=1568"}],"wp:term":[{"taxonomy":"product_brand","embeddable":true,"href":"https:\/\/editura-unibuc.ro\/en\/wp-json\/wp\/v2\/product_brand?post=1568"},{"taxonomy":"product_cat","embeddable":true,"href":"https:\/\/editura-unibuc.ro\/en\/wp-json\/wp\/v2\/product_cat?post=1568"},{"taxonomy":"product_tag","embeddable":true,"href":"https:\/\/editura-unibuc.ro\/en\/wp-json\/wp\/v2\/product_tag?post=1568"}],"curies":[{"name":"wp","href":"https:\/\/api.w.org\/{rel}","templated":true}]}}