{"id":1574,"date":"2012-09-06T11:16:25","date_gmt":"2012-09-06T08:16:25","guid":{"rendered":"https:\/\/editura-unibuc.ro\/?p=1574"},"modified":"2015-03-12T22:33:05","modified_gmt":"2015-03-12T20:33:05","slug":"resurse-internet-si-practici-de-informare","status":"publish","type":"product","link":"https:\/\/editura-unibuc.ro\/en\/resurse-internet-si-practici-de-informare\/","title":{"rendered":"INTERNET RESOURCES AND INFORMATION PRACTICES"},"content":{"rendered":"<p>Lucrarea \u201eResurse internet \u0219i practici de informare\u201d \u00ee\u0219i propune s\u0103 abordeze, dintr-o perspectiv\u0103 general\u0103, problematica acestei re\u021bele de informare \u0219i comunicare, astfel \u00eenc\u00e2t s\u0103 permit\u0103 unui utilizator s\u0103 \u00een\u021beleag\u0103: ce este internetul, cum este structurat \u0219i ce servicii ofer\u0103, cum func\u021bioneaz\u0103, cum este administrat; s\u0103 ofere informa\u021bii despre ce \u00eenseamn\u0103 serviciul web \u0219i cum este el reprezentat \u00een re\u021bele globale; s\u0103 prezinte modalit\u0103\u021bile generale de prelucrare a con\u021binutului digital, normele \u0219i formatele \u00een care se reg\u0103se\u0219te acest tip de resurse de informare; s\u0103 prezinte tipologia con\u021binutului digital din spa\u021biul web, astfel \u00eenc\u00e2t s\u0103 faciliteze reg\u0103sirea resurselor adecvate nevoilor de informare.<\/p>\n","protected":false},"excerpt":{"rendered":"<p>Lucrarea \u201eResurse internet \u0219i practici de informare\u201d \u00ee\u0219i propune s\u0103 abordeze, dintr-o perspectiv\u0103 general\u0103, problematica acestei re\u021bele de informare \u0219i comunicare, astfel \u00eenc\u00e2t s\u0103 permit\u0103 unui utilizator s\u0103 \u00een\u021beleag\u0103: ce este internetul, cum este structurat \u0219i ce servicii ofer\u0103, cum func\u021bioneaz\u0103, cum este administrat; s\u0103 ofere informa\u021bii despre ce \u00eenseamn\u0103 serviciul web \u0219i cum este [&hellip;]<\/p>\n","protected":false},"featured_media":11164,"comment_status":"open","ping_status":"closed","template":"","meta":[],"product_brand":[],"product_cat":[1464,979],"product_tag":[1290,1287],"class_list":{"0":"post-1574","1":"product","2":"type-product","3":"status-publish","4":"has-post-thumbnail","6":"product_cat-filologie","7":"product_cat-limba-romana","8":"product_tag-informare","9":"product_tag-internet","11":"first","12":"outofstock","13":"shipping-taxable","14":"product-type-simple"},"_links":{"self":[{"href":"https:\/\/editura-unibuc.ro\/en\/wp-json\/wp\/v2\/product\/1574","targetHints":{"allow":["GET"]}}],"collection":[{"href":"https:\/\/editura-unibuc.ro\/en\/wp-json\/wp\/v2\/product"}],"about":[{"href":"https:\/\/editura-unibuc.ro\/en\/wp-json\/wp\/v2\/types\/product"}],"replies":[{"embeddable":true,"href":"https:\/\/editura-unibuc.ro\/en\/wp-json\/wp\/v2\/comments?post=1574"}],"wp:featuredmedia":[{"embeddable":true,"href":"https:\/\/editura-unibuc.ro\/en\/wp-json\/wp\/v2\/media\/11164"}],"wp:attachment":[{"href":"https:\/\/editura-unibuc.ro\/en\/wp-json\/wp\/v2\/media?parent=1574"}],"wp:term":[{"taxonomy":"product_brand","embeddable":true,"href":"https:\/\/editura-unibuc.ro\/en\/wp-json\/wp\/v2\/product_brand?post=1574"},{"taxonomy":"product_cat","embeddable":true,"href":"https:\/\/editura-unibuc.ro\/en\/wp-json\/wp\/v2\/product_cat?post=1574"},{"taxonomy":"product_tag","embeddable":true,"href":"https:\/\/editura-unibuc.ro\/en\/wp-json\/wp\/v2\/product_tag?post=1574"}],"curies":[{"name":"wp","href":"https:\/\/api.w.org\/{rel}","templated":true}]}}