{"id":1578,"date":"2012-09-06T11:22:57","date_gmt":"2012-09-06T08:22:57","guid":{"rendered":"https:\/\/editura-unibuc.ro\/?p=1578"},"modified":"2023-11-09T10:29:00","modified_gmt":"2023-11-09T08:29:00","slug":"relatii-romano-elvetiene-bibliografie-generala","status":"publish","type":"product","link":"https:\/\/editura-unibuc.ro\/en\/relatii-romano-elvetiene-bibliografie-generala\/","title":{"rendered":"ROMANIAN \u2013 SWISS RELATIONS. GENERAL BIBLIOGRAPHY"},"content":{"rendered":"<p>Ca oper\u0103 intelectual\u0103 major\u0103, bazat\u0103 pe concepte organizatorice superioare \u0219i pe \u0219tiin\u021ba investiga\u021biei analitice \u0219i a rela\u021bion\u0103rilor stimulative, bibliografia leg\u0103turilor istorice dintre dou\u0103 popoare este o verig\u0103 puternic\u0103 a \u00een\u021belegerii fiec\u0103rui popor \u00een parte \u0219i o contribu\u021bie la dezvoltarea acestor leg\u0103turi.<\/p>\n","protected":false},"excerpt":{"rendered":"<p>Ca oper\u0103 intelectual\u0103 major\u0103, bazat\u0103 pe concepte organizatorice superioare \u0219i pe \u0219tiin\u021ba investiga\u021biei analitice \u0219i a rela\u021bion\u0103rilor stimulative, bibliografia leg\u0103turilor istorice dintre dou\u0103 popoare este o verig\u0103 puternic\u0103 a \u00een\u021belegerii fiec\u0103rui popor \u00een parte \u0219i o contribu\u021bie la dezvoltarea acestor leg\u0103turi.<\/p>\n","protected":false},"featured_media":11161,"comment_status":"open","ping_status":"closed","template":"","meta":[],"product_brand":[],"product_cat":[991,995],"product_tag":[1387,881,930],"class_list":{"0":"post-1578","1":"product","2":"type-product","3":"status-publish","4":"has-post-thumbnail","6":"product_cat-stiinte-sociale","7":"product_cat-istorie-stiinte-politice","8":"product_tag-elvetia","9":"product_tag-istorie","10":"product_tag-romania","12":"first","13":"outofstock","14":"shipping-taxable","15":"purchasable","16":"product-type-simple"},"_links":{"self":[{"href":"https:\/\/editura-unibuc.ro\/en\/wp-json\/wp\/v2\/product\/1578","targetHints":{"allow":["GET"]}}],"collection":[{"href":"https:\/\/editura-unibuc.ro\/en\/wp-json\/wp\/v2\/product"}],"about":[{"href":"https:\/\/editura-unibuc.ro\/en\/wp-json\/wp\/v2\/types\/product"}],"replies":[{"embeddable":true,"href":"https:\/\/editura-unibuc.ro\/en\/wp-json\/wp\/v2\/comments?post=1578"}],"wp:featuredmedia":[{"embeddable":true,"href":"https:\/\/editura-unibuc.ro\/en\/wp-json\/wp\/v2\/media\/11161"}],"wp:attachment":[{"href":"https:\/\/editura-unibuc.ro\/en\/wp-json\/wp\/v2\/media?parent=1578"}],"wp:term":[{"taxonomy":"product_brand","embeddable":true,"href":"https:\/\/editura-unibuc.ro\/en\/wp-json\/wp\/v2\/product_brand?post=1578"},{"taxonomy":"product_cat","embeddable":true,"href":"https:\/\/editura-unibuc.ro\/en\/wp-json\/wp\/v2\/product_cat?post=1578"},{"taxonomy":"product_tag","embeddable":true,"href":"https:\/\/editura-unibuc.ro\/en\/wp-json\/wp\/v2\/product_tag?post=1578"}],"curies":[{"name":"wp","href":"https:\/\/api.w.org\/{rel}","templated":true}]}}