{"id":1582,"date":"2012-09-06T11:28:23","date_gmt":"2012-09-06T08:28:23","guid":{"rendered":"https:\/\/editura-unibuc.ro\/?p=1582"},"modified":"2025-03-13T11:15:02","modified_gmt":"2025-03-13T09:15:02","slug":"a-p-cehov-150-de-ani-de-la-nastere-filologie-rusa-xxvii","status":"publish","type":"product","link":"https:\/\/editura-unibuc.ro\/en\/a-p-cehov-150-de-ani-de-la-nastere-filologie-rusa-xxvii\/","title":{"rendered":"A.P.CEHOV \u2013 150 YEARS SINCE HIS BIRTH. RUSSIAN PHILOLOGY XXVII"},"content":{"rendered":"<p>Volumul cuprinde studii ale unor cercet\u0103tori rom\u00e2ni \u0219i str\u0103ini pe marginea operei lui A.P.Cehov surprins\u0103 \u00een multiple ipostaze critice \u0219i stilistice.<\/p>\n","protected":false},"excerpt":{"rendered":"<p>Volumul cuprinde studii ale unor cercet\u0103tori rom\u00e2ni \u0219i str\u0103ini pe marginea operei lui A.P.Cehov surprins\u0103 \u00een multiple ipostaze critice \u0219i stilistice.<\/p>\n","protected":false},"featured_media":11158,"comment_status":"open","ping_status":"closed","template":"","meta":[],"product_brand":[],"product_cat":[3906,1464,981,1469],"product_tag":[1386,1044,1045],"class_list":{"0":"post-1582","1":"product","2":"type-product","3":"status-publish","4":"has-post-thumbnail","6":"product_cat-lucrari-congrese","7":"product_cat-filologie","8":"product_cat-limbi-slave","9":"product_cat-periodice","10":"product_tag-cehov","11":"product_tag-filologie","12":"product_tag-rusa","14":"first","15":"instock","16":"shipping-taxable","17":"purchasable","18":"product-type-simple"},"_links":{"self":[{"href":"https:\/\/editura-unibuc.ro\/en\/wp-json\/wp\/v2\/product\/1582","targetHints":{"allow":["GET"]}}],"collection":[{"href":"https:\/\/editura-unibuc.ro\/en\/wp-json\/wp\/v2\/product"}],"about":[{"href":"https:\/\/editura-unibuc.ro\/en\/wp-json\/wp\/v2\/types\/product"}],"replies":[{"embeddable":true,"href":"https:\/\/editura-unibuc.ro\/en\/wp-json\/wp\/v2\/comments?post=1582"}],"wp:featuredmedia":[{"embeddable":true,"href":"https:\/\/editura-unibuc.ro\/en\/wp-json\/wp\/v2\/media\/11158"}],"wp:attachment":[{"href":"https:\/\/editura-unibuc.ro\/en\/wp-json\/wp\/v2\/media?parent=1582"}],"wp:term":[{"taxonomy":"product_brand","embeddable":true,"href":"https:\/\/editura-unibuc.ro\/en\/wp-json\/wp\/v2\/product_brand?post=1582"},{"taxonomy":"product_cat","embeddable":true,"href":"https:\/\/editura-unibuc.ro\/en\/wp-json\/wp\/v2\/product_cat?post=1582"},{"taxonomy":"product_tag","embeddable":true,"href":"https:\/\/editura-unibuc.ro\/en\/wp-json\/wp\/v2\/product_tag?post=1582"}],"curies":[{"name":"wp","href":"https:\/\/api.w.org\/{rel}","templated":true}]}}