{"id":15868,"date":"2016-05-24T13:30:00","date_gmt":"2016-05-24T10:30:00","guid":{"rendered":"https:\/\/editura-unibuc.ro\/?post_type=product&#038;p=15868"},"modified":"2018-07-03T12:22:07","modified_gmt":"2018-07-03T09:22:07","slug":"deficientele-neuromotorii-concepte-fundamentale-din-perspectiva-psihopedagogica","status":"publish","type":"product","link":"https:\/\/editura-unibuc.ro\/en\/deficientele-neuromotorii-concepte-fundamentale-din-perspectiva-psihopedagogica\/","title":{"rendered":"DEFICIEN\u0162ELE NEUROMOTORII. CONCEPTE FUNDAMENTALE DIN PERSPECTIV\u0102 PSIHOPEDAGOGIC\u0102"},"content":{"rendered":"<p>Aceast\u0103 lucrare \u00ee\u015fi dore\u015fte s\u0103 reprezinte \u00een primul r\u00e2nd un sprijin \u015fi o baz\u0103 de pornire pentru studen\u0163ii Departamentului de Psicopedagogie Special\u0103 ai Facult\u0103\u0163ii de psihologie \u015fi \u015ftiin\u0163ele educa\u0163iei. Volumul ofer\u0103 informa\u0163ii legate de deficien\u0163ele neuromotorii f\u0103r\u0103 de care consider\u0103m c\u0103 nu poate fi \u00een\u0163eles \u015fi structurat studiul complex al acestui domeniu.<\/p>\n","protected":false},"excerpt":{"rendered":"<p>Aceast\u0103 lucrare \u00ee\u015fi dore\u015fte s\u0103 reprezinte \u00een primul r\u00e2nd un sprijin \u015fi o baz\u0103 de pornire pentru studen\u0163ii Departamentului de Psicopedagogie Special\u0103 ai Facult\u0103\u0163ii de psihologie \u015fi \u015ftiin\u0163ele educa\u0163iei. Volumul ofer\u0103 informa\u0163ii legate de deficien\u0163ele neuromotorii f\u0103r\u0103 de care consider\u0103m c\u0103 nu poate fi \u00een\u0163eles \u015fi structurat studiul complex al acestui domeniu.<\/p>\n","protected":false},"featured_media":15869,"comment_status":"open","ping_status":"closed","template":"","meta":[],"product_brand":[],"product_cat":[991,997],"product_tag":[1315,2072,2071,2073,2074,2075,1316,1111,1515],"class_list":{"0":"post-15868","1":"product","2":"type-product","3":"status-publish","4":"has-post-thumbnail","6":"product_cat-stiinte-sociale","7":"product_cat-psihologie-stiintele-educatiei-si-pedagogie","8":"product_tag-anatomie","9":"product_tag-deficiente-neuromotorii","10":"product_tag-emilia-oprisan","11":"product_tag-fiziologie","12":"product_tag-patologia-creierului","13":"product_tag-patologia-sistemului-nervos","14":"product_tag-pedagogie","15":"product_tag-psihologie","16":"product_tag-stiintele-educatiei","18":"first","19":"instock","20":"shipping-taxable","21":"purchasable","22":"product-type-simple"},"_links":{"self":[{"href":"https:\/\/editura-unibuc.ro\/en\/wp-json\/wp\/v2\/product\/15868","targetHints":{"allow":["GET"]}}],"collection":[{"href":"https:\/\/editura-unibuc.ro\/en\/wp-json\/wp\/v2\/product"}],"about":[{"href":"https:\/\/editura-unibuc.ro\/en\/wp-json\/wp\/v2\/types\/product"}],"replies":[{"embeddable":true,"href":"https:\/\/editura-unibuc.ro\/en\/wp-json\/wp\/v2\/comments?post=15868"}],"wp:featuredmedia":[{"embeddable":true,"href":"https:\/\/editura-unibuc.ro\/en\/wp-json\/wp\/v2\/media\/15869"}],"wp:attachment":[{"href":"https:\/\/editura-unibuc.ro\/en\/wp-json\/wp\/v2\/media?parent=15868"}],"wp:term":[{"taxonomy":"product_brand","embeddable":true,"href":"https:\/\/editura-unibuc.ro\/en\/wp-json\/wp\/v2\/product_brand?post=15868"},{"taxonomy":"product_cat","embeddable":true,"href":"https:\/\/editura-unibuc.ro\/en\/wp-json\/wp\/v2\/product_cat?post=15868"},{"taxonomy":"product_tag","embeddable":true,"href":"https:\/\/editura-unibuc.ro\/en\/wp-json\/wp\/v2\/product_tag?post=15868"}],"curies":[{"name":"wp","href":"https:\/\/api.w.org\/{rel}","templated":true}]}}