{"id":15891,"date":"2016-05-28T15:06:06","date_gmt":"2016-05-28T12:06:06","guid":{"rendered":"https:\/\/editura-unibuc.ro\/magazin\/geopatterns-volume-1-issue-1-april-2016\/"},"modified":"2025-02-20T13:56:28","modified_gmt":"2025-02-20T11:56:28","slug":"geopatterns-volume-1-issue-1-april-2016","status":"publish","type":"product","link":"https:\/\/editura-unibuc.ro\/en\/geopatterns-volume-1-issue-1-april-2016\/","title":{"rendered":"GEOPATTERNS,  Volume 1, Issue 1, April 2016"},"content":{"rendered":"<p>Revist\u0103 editat\u0103 de Universitatea din Bucure\u015fti, Center for Risk Studies, Spatial Modelling, Terrestrial and Coastal System Dynamics<\/p>\n","protected":false},"excerpt":{"rendered":"<p>Revist\u0103 editat\u0103 de Universitatea din Bucure\u015fti, Center for Risk Studies, Spatial Modelling, Terrestrial and Coastal System Dynamics<\/p>\n","protected":false},"featured_media":15893,"comment_status":"open","ping_status":"closed","template":"","meta":[],"product_brand":[],"product_cat":[1891,1469,1893,1466,989],"product_tag":[2076,2079,2078,2077],"class_list":{"0":"post-15891","1":"product","2":"type-product","3":"status-publish","4":"has-post-thumbnail","6":"product_cat-download","7":"product_cat-periodice","8":"product_cat-reviste-academice","9":"product_cat-stiinte-ale-naturii","10":"product_cat-geografie","11":"product_tag-analysis-of-terrestrial-and-coastal-systems","12":"product_tag-danube","13":"product_tag-flood-adaptation-strategies","14":"product_tag-human-environment-interaction","16":"first","17":"instock","18":"downloadable","19":"virtual","20":"product-type-simple"},"_links":{"self":[{"href":"https:\/\/editura-unibuc.ro\/en\/wp-json\/wp\/v2\/product\/15891","targetHints":{"allow":["GET"]}}],"collection":[{"href":"https:\/\/editura-unibuc.ro\/en\/wp-json\/wp\/v2\/product"}],"about":[{"href":"https:\/\/editura-unibuc.ro\/en\/wp-json\/wp\/v2\/types\/product"}],"replies":[{"embeddable":true,"href":"https:\/\/editura-unibuc.ro\/en\/wp-json\/wp\/v2\/comments?post=15891"}],"wp:featuredmedia":[{"embeddable":true,"href":"https:\/\/editura-unibuc.ro\/en\/wp-json\/wp\/v2\/media\/15893"}],"wp:attachment":[{"href":"https:\/\/editura-unibuc.ro\/en\/wp-json\/wp\/v2\/media?parent=15891"}],"wp:term":[{"taxonomy":"product_brand","embeddable":true,"href":"https:\/\/editura-unibuc.ro\/en\/wp-json\/wp\/v2\/product_brand?post=15891"},{"taxonomy":"product_cat","embeddable":true,"href":"https:\/\/editura-unibuc.ro\/en\/wp-json\/wp\/v2\/product_cat?post=15891"},{"taxonomy":"product_tag","embeddable":true,"href":"https:\/\/editura-unibuc.ro\/en\/wp-json\/wp\/v2\/product_tag?post=15891"}],"curies":[{"name":"wp","href":"https:\/\/api.w.org\/{rel}","templated":true}]}}