{"id":1590,"date":"2012-09-06T11:50:51","date_gmt":"2012-09-06T08:50:51","guid":{"rendered":"https:\/\/editura-unibuc.ro\/?p=1590"},"modified":"2015-03-12T22:29:57","modified_gmt":"2015-03-12T20:29:57","slug":"etudes-sur-le-xviii-eme-siecle-ii","status":"publish","type":"product","link":"https:\/\/editura-unibuc.ro\/en\/etudes-sur-le-xviii-eme-siecle-ii\/","title":{"rendered":"\u00c9TUDES SUR LE XVIII-eme SIECLE. II"},"content":{"rendered":"<p>Din cuprins: Coman LUPU\u2013 De la o fizionomie la alta: limba rom\u00e2n\u0103 la sf\u00e2r\u0219itul veacului al XVIII-lea \u2013 \u00eenceputul secolului urm\u0103tor. II Atitudinea fa\u021b\u0103 de \u00eemprumutul lingvistic; Ileana MIH\u0102IL\u0102 \u2013 Les Pays Roumains entre l\u2019Orient et l\u2019Occident a l\u2019\u00e9poque de la guerre russo-turque (1768-1774) selon les sources fran\u00e7aises; Andreea VL\u0102DESCU \u2013 Les Iles de Robinson Crusoe.<\/p>\n","protected":false},"excerpt":{"rendered":"<p>Din cuprins: Coman LUPU\u2013 De la o fizionomie la alta: limba rom\u00e2n\u0103 la sf\u00e2r\u0219itul veacului al XVIII-lea \u2013 \u00eenceputul secolului urm\u0103tor. II Atitudinea fa\u021b\u0103 de \u00eemprumutul lingvistic; Ileana MIH\u0102IL\u0102 \u2013 Les Pays Roumains entre l\u2019Orient et l\u2019Occident a l\u2019\u00e9poque de la guerre russo-turque (1768-1774) selon les sources fran\u00e7aises; Andreea VL\u0102DESCU \u2013 Les Iles de Robinson [&hellip;]<\/p>\n","protected":false},"featured_media":11153,"comment_status":"open","ping_status":"closed","template":"","meta":[],"product_brand":[],"product_cat":[1464,977],"product_tag":[920,877],"class_list":{"0":"post-1590","1":"product","2":"type-product","3":"status-publish","4":"has-post-thumbnail","6":"product_cat-filologie","7":"product_cat-limba-franceza","8":"product_tag-cultura","9":"product_tag-franceza","11":"first","12":"instock","13":"shipping-taxable","14":"purchasable","15":"product-type-simple"},"_links":{"self":[{"href":"https:\/\/editura-unibuc.ro\/en\/wp-json\/wp\/v2\/product\/1590","targetHints":{"allow":["GET"]}}],"collection":[{"href":"https:\/\/editura-unibuc.ro\/en\/wp-json\/wp\/v2\/product"}],"about":[{"href":"https:\/\/editura-unibuc.ro\/en\/wp-json\/wp\/v2\/types\/product"}],"replies":[{"embeddable":true,"href":"https:\/\/editura-unibuc.ro\/en\/wp-json\/wp\/v2\/comments?post=1590"}],"wp:featuredmedia":[{"embeddable":true,"href":"https:\/\/editura-unibuc.ro\/en\/wp-json\/wp\/v2\/media\/11153"}],"wp:attachment":[{"href":"https:\/\/editura-unibuc.ro\/en\/wp-json\/wp\/v2\/media?parent=1590"}],"wp:term":[{"taxonomy":"product_brand","embeddable":true,"href":"https:\/\/editura-unibuc.ro\/en\/wp-json\/wp\/v2\/product_brand?post=1590"},{"taxonomy":"product_cat","embeddable":true,"href":"https:\/\/editura-unibuc.ro\/en\/wp-json\/wp\/v2\/product_cat?post=1590"},{"taxonomy":"product_tag","embeddable":true,"href":"https:\/\/editura-unibuc.ro\/en\/wp-json\/wp\/v2\/product_tag?post=1590"}],"curies":[{"name":"wp","href":"https:\/\/api.w.org\/{rel}","templated":true}]}}