{"id":1594,"date":"2012-09-06T12:06:25","date_gmt":"2012-09-06T09:06:25","guid":{"rendered":"https:\/\/editura-unibuc.ro\/?p=1594"},"modified":"2015-03-12T22:29:17","modified_gmt":"2015-03-12T20:29:17","slug":"bibliotecile-medicale-si-utilizatorii-de-informatii-din-romania-in-era-digitala","status":"publish","type":"product","link":"https:\/\/editura-unibuc.ro\/en\/bibliotecile-medicale-si-utilizatorii-de-informatii-din-romania-in-era-digitala\/","title":{"rendered":"MEDICAL LIBRARIES AND INFORMATION USERS IN ROMANIA IN THE DIGITAL ERA"},"content":{"rendered":"<p>Bibliotecile sunt \u00een prezent \u00eentr-o nou\u0103 etap\u0103 de dezvoltare, etapa virtual\u0103, \u0219i ofer\u0103 utilizatorilor o gam\u0103 mult mai larg\u0103 de servicii, at\u00e2t tradi\u021bionale c\u00e2t \u0219i electronice. Dar acum, \u00een era digital\u0103, aceste structuri reprezint\u0103 doar una din numeroasele surse de informare \u0219i din acest motiv trebuie s\u0103 g\u0103seasc\u0103 noi modalit\u0103\u021bi de satisfacere a nevoilor cererilor de informare a utilizatorilor, de p\u0103strare \u0219i atragere a acestora c\u0103tre serviciile pe care le ofer\u0103 at\u00e2t \u00een spa\u021biul lor fizic tradi\u021bional c\u00e2t \u0219i \u00een spa\u021biul virtual. Bibliotecile de \u00eenv\u0103\u021b\u0103m\u00e2nt superior medical din Rom\u00e2nia sunt \u00een prezent \u00eentr-o perioad\u0103 de analiz\u0103 a serviciilor de informare pe care le ofer\u0103 utilizatorilor cu scopul de a g\u0103si cele mai eficiente modalit\u0103\u021bi de satisfacere a nevoilor \u0219i cererilor de informare \u0219i documentare ale acestora. (Introducere)<\/p>\n","protected":false},"excerpt":{"rendered":"<p>Bibliotecile sunt \u00een prezent \u00eentr-o nou\u0103 etap\u0103 de dezvoltare, etapa virtual\u0103, \u0219i ofer\u0103 utilizatorilor o gam\u0103 mult mai larg\u0103 de servicii, at\u00e2t tradi\u021bionale c\u00e2t \u0219i electronice. Dar acum, \u00een era digital\u0103, aceste structuri reprezint\u0103 doar una din numeroasele surse de informare \u0219i din acest motiv trebuie s\u0103 g\u0103seasc\u0103 noi modalit\u0103\u021bi de satisfacere a nevoilor cererilor [&hellip;]<\/p>\n","protected":false},"featured_media":11150,"comment_status":"open","ping_status":"closed","template":"","meta":[],"product_brand":[],"product_cat":[1464,979],"product_tag":[1297,1292,1293],"class_list":{"0":"post-1594","1":"product","2":"type-product","3":"status-publish","4":"has-post-thumbnail","6":"product_cat-filologie","7":"product_cat-limba-romana","8":"product_tag-biblioteca","9":"product_tag-digital","10":"product_tag-medical","12":"first","13":"instock","14":"shipping-taxable","15":"purchasable","16":"product-type-simple"},"_links":{"self":[{"href":"https:\/\/editura-unibuc.ro\/en\/wp-json\/wp\/v2\/product\/1594","targetHints":{"allow":["GET"]}}],"collection":[{"href":"https:\/\/editura-unibuc.ro\/en\/wp-json\/wp\/v2\/product"}],"about":[{"href":"https:\/\/editura-unibuc.ro\/en\/wp-json\/wp\/v2\/types\/product"}],"replies":[{"embeddable":true,"href":"https:\/\/editura-unibuc.ro\/en\/wp-json\/wp\/v2\/comments?post=1594"}],"wp:featuredmedia":[{"embeddable":true,"href":"https:\/\/editura-unibuc.ro\/en\/wp-json\/wp\/v2\/media\/11150"}],"wp:attachment":[{"href":"https:\/\/editura-unibuc.ro\/en\/wp-json\/wp\/v2\/media?parent=1594"}],"wp:term":[{"taxonomy":"product_brand","embeddable":true,"href":"https:\/\/editura-unibuc.ro\/en\/wp-json\/wp\/v2\/product_brand?post=1594"},{"taxonomy":"product_cat","embeddable":true,"href":"https:\/\/editura-unibuc.ro\/en\/wp-json\/wp\/v2\/product_cat?post=1594"},{"taxonomy":"product_tag","embeddable":true,"href":"https:\/\/editura-unibuc.ro\/en\/wp-json\/wp\/v2\/product_tag?post=1594"}],"curies":[{"name":"wp","href":"https:\/\/api.w.org\/{rel}","templated":true}]}}