{"id":1598,"date":"2012-09-06T12:10:45","date_gmt":"2012-09-06T09:10:45","guid":{"rendered":"https:\/\/editura-unibuc.ro\/?p=1598"},"modified":"2015-03-12T22:28:33","modified_gmt":"2015-03-12T20:28:33","slug":"evolutia-bibliografiei-literare-romane-studiu-critic-1932-1998","status":"publish","type":"product","link":"https:\/\/editura-unibuc.ro\/en\/evolutia-bibliografiei-literare-romane-studiu-critic-1932-1998\/","title":{"rendered":"THE EVOLUTION OF THE ROMANIAN LITERARY BIBLIOGRAPHY. Critical study 1932 \u2013 1998"},"content":{"rendered":"<p>Av\u00e2nd \u00een vedere cantitatea enorm\u0103 de informa\u021bii ce pot fi reflectate \u00eentr-un num\u0103r impresionant de bibliografii, inten\u021bia de baz\u0103 a lucr\u0103rii a fost de a realiza un demers cognitiv cu privire la concep\u021bia \u0219i structura unor documente secundare literare \u0219i de a furniza r\u0103spunsuri viabile pentru nevoia stringent\u0103 a utilizatorului de a g\u0103si informa\u021bii \u00eentr-o manier\u0103 rapid\u0103 \u0219i complet\u0103.<\/p>\n<p>\u00cembin\u00e2nd cunoscutele no\u021biuni tradi\u021bionale cu privire la sursele de informare, dar apel\u00e2nd la aspectele moderne impuse de evolu\u021bia fulminant\u0103 a suporturilor, at\u00e2t pentru documentele propriu-zise c\u00e2t \u0219i pentru cele secundare de tipul bazelor de date bibliografice, lucrarea parcurge interesantul labirint informa\u021bional al bibliografiei literare. (Autorul).<\/p>\n","protected":false},"excerpt":{"rendered":"<p>Av\u00e2nd \u00een vedere cantitatea enorm\u0103 de informa\u021bii ce pot fi reflectate \u00eentr-un num\u0103r impresionant de bibliografii, inten\u021bia de baz\u0103 a lucr\u0103rii a fost de a realiza un demers cognitiv cu privire la concep\u021bia \u0219i structura unor documente secundare literare \u0219i de a furniza r\u0103spunsuri viabile pentru nevoia stringent\u0103 a utilizatorului de a g\u0103si informa\u021bii \u00eentr-o [&hellip;]<\/p>\n","protected":false},"featured_media":11147,"comment_status":"open","ping_status":"closed","template":"","meta":[],"product_brand":[],"product_cat":[1464,979],"product_tag":[1279,919,925],"class_list":{"0":"post-1598","1":"product","2":"type-product","3":"status-publish","4":"has-post-thumbnail","6":"product_cat-filologie","7":"product_cat-limba-romana","8":"product_tag-bibliografie","9":"product_tag-literatura","10":"product_tag-romana","12":"first","13":"instock","14":"shipping-taxable","15":"purchasable","16":"product-type-simple"},"_links":{"self":[{"href":"https:\/\/editura-unibuc.ro\/en\/wp-json\/wp\/v2\/product\/1598","targetHints":{"allow":["GET"]}}],"collection":[{"href":"https:\/\/editura-unibuc.ro\/en\/wp-json\/wp\/v2\/product"}],"about":[{"href":"https:\/\/editura-unibuc.ro\/en\/wp-json\/wp\/v2\/types\/product"}],"replies":[{"embeddable":true,"href":"https:\/\/editura-unibuc.ro\/en\/wp-json\/wp\/v2\/comments?post=1598"}],"wp:featuredmedia":[{"embeddable":true,"href":"https:\/\/editura-unibuc.ro\/en\/wp-json\/wp\/v2\/media\/11147"}],"wp:attachment":[{"href":"https:\/\/editura-unibuc.ro\/en\/wp-json\/wp\/v2\/media?parent=1598"}],"wp:term":[{"taxonomy":"product_brand","embeddable":true,"href":"https:\/\/editura-unibuc.ro\/en\/wp-json\/wp\/v2\/product_brand?post=1598"},{"taxonomy":"product_cat","embeddable":true,"href":"https:\/\/editura-unibuc.ro\/en\/wp-json\/wp\/v2\/product_cat?post=1598"},{"taxonomy":"product_tag","embeddable":true,"href":"https:\/\/editura-unibuc.ro\/en\/wp-json\/wp\/v2\/product_tag?post=1598"}],"curies":[{"name":"wp","href":"https:\/\/api.w.org\/{rel}","templated":true}]}}