{"id":1602,"date":"2012-09-06T12:14:49","date_gmt":"2012-09-06T09:14:49","guid":{"rendered":"https:\/\/editura-unibuc.ro\/?p=1602"},"modified":"2025-03-13T12:27:00","modified_gmt":"2025-03-13T10:27:00","slug":"romanoslavica-serie-noua-vol-xlvii-nr-3","status":"publish","type":"product","link":"https:\/\/editura-unibuc.ro\/en\/romanoslavica-serie-noua-vol-xlvii-nr-3\/","title":{"rendered":"ROMANOSLAVICA, New Series, vol. XLVII, no. 3"},"content":{"rendered":"<p>Num\u0103rul curent al revistei Romanoslavica cuprinde sec\u021biuni de Literatur\u0103, Lingvistic\u0103, Mentalit\u0103\u021bi, Recenzii, medalioane personale \u0219i omagii aduse unor reprezentan\u021bi de marc\u0103 ai slavisticii rom\u00e2ne\u0219ti, toate cu o not\u0103 de atent\u0103 adecvare la rigorile \u0219tiin\u021bifice \u0219i culturale actuale. Multe dintre articole sunt redactate \u00een limbi slave: s\u00e2rbo-croat\u0103, sloven\u0103, bulgar\u0103.<\/p>\n","protected":false},"excerpt":{"rendered":"<p>Num\u0103rul curent al revistei Romanoslavica cuprinde sec\u021biuni de Literatur\u0103, Lingvistic\u0103, Mentalit\u0103\u021bi, Recenzii, medalioane personale \u0219i omagii aduse unor reprezentan\u021bi de marc\u0103 ai slavisticii rom\u00e2ne\u0219ti, toate cu o not\u0103 de atent\u0103 adecvare la rigorile \u0219tiin\u021bifice \u0219i culturale actuale. Multe dintre articole sunt redactate \u00een limbi slave: s\u00e2rbo-croat\u0103, sloven\u0103, bulgar\u0103.<\/p>\n","protected":false},"featured_media":11145,"comment_status":"open","ping_status":"closed","template":"","meta":[],"product_brand":[],"product_cat":[3823,1464,981,1469],"product_tag":[925,922],"class_list":{"0":"post-1602","1":"product","2":"type-product","3":"status-publish","4":"has-post-thumbnail","6":"product_cat-stiinte-umane","7":"product_cat-filologie","8":"product_cat-limbi-slave","9":"product_cat-periodice","10":"product_tag-romana","11":"product_tag-slave","13":"first","14":"instock","15":"shipping-taxable","16":"purchasable","17":"product-type-simple"},"_links":{"self":[{"href":"https:\/\/editura-unibuc.ro\/en\/wp-json\/wp\/v2\/product\/1602","targetHints":{"allow":["GET"]}}],"collection":[{"href":"https:\/\/editura-unibuc.ro\/en\/wp-json\/wp\/v2\/product"}],"about":[{"href":"https:\/\/editura-unibuc.ro\/en\/wp-json\/wp\/v2\/types\/product"}],"replies":[{"embeddable":true,"href":"https:\/\/editura-unibuc.ro\/en\/wp-json\/wp\/v2\/comments?post=1602"}],"wp:featuredmedia":[{"embeddable":true,"href":"https:\/\/editura-unibuc.ro\/en\/wp-json\/wp\/v2\/media\/11145"}],"wp:attachment":[{"href":"https:\/\/editura-unibuc.ro\/en\/wp-json\/wp\/v2\/media?parent=1602"}],"wp:term":[{"taxonomy":"product_brand","embeddable":true,"href":"https:\/\/editura-unibuc.ro\/en\/wp-json\/wp\/v2\/product_brand?post=1602"},{"taxonomy":"product_cat","embeddable":true,"href":"https:\/\/editura-unibuc.ro\/en\/wp-json\/wp\/v2\/product_cat?post=1602"},{"taxonomy":"product_tag","embeddable":true,"href":"https:\/\/editura-unibuc.ro\/en\/wp-json\/wp\/v2\/product_tag?post=1602"}],"curies":[{"name":"wp","href":"https:\/\/api.w.org\/{rel}","templated":true}]}}