{"id":1611,"date":"2012-09-06T12:30:59","date_gmt":"2012-09-06T09:30:59","guid":{"rendered":"https:\/\/editura-unibuc.ro\/?p=1611"},"modified":"2015-03-12T22:26:32","modified_gmt":"2015-03-12T20:26:33","slug":"romanica-2-pronoms-determinants-ellipse-nominale-une-approche-minimaliste","status":"publish","type":"product","link":"https:\/\/editura-unibuc.ro\/en\/romanica-2-pronoms-determinants-ellipse-nominale-une-approche-minimaliste\/","title":{"rendered":"ROMANICA 2. Pronouns, determinants and nominal ellipsis. A minimalist approach"},"content":{"rendered":"<p>Ce livre repr\u00e9sente une vision remani\u00e9e de ma th\u00e8se de doctorat \u00abRecherches sur la structure interne des pronoms et des expressions nominales sans nom exprim\u00e9\u00bb, soutenue \u00e0 l\u2019Universit\u00e9 Paris VII Denis Diderot en avril 2008, sous la direction de prof. Alain Rouveret. Les changements parfois importants que j\u2019ai faits dans cette version par rapport \u00e0 la th\u00e8se soutenue en 2008 doivent beaucoup aux observations de M. Alain Rouveret et de Mme Alexandra Cornilescu. (Ion Tudor Giurgea)<\/p>\n","protected":false},"excerpt":{"rendered":"<p>Ce livre repr\u00e9sente une vision remani\u00e9e de ma th\u00e8se de doctorat \u00abRecherches sur la structure interne des pronoms et des expressions nominales sans nom exprim\u00e9\u00bb, soutenue \u00e0 l\u2019Universit\u00e9 Paris VII Denis Diderot en avril 2008, sous la direction de prof. Alain Rouveret. Les changements parfois importants que j\u2019ai faits dans cette version par rapport \u00e0 [&hellip;]<\/p>\n","protected":false},"featured_media":11138,"comment_status":"open","ping_status":"closed","template":"","meta":[],"product_brand":[],"product_cat":[858],"product_tag":[877,933],"class_list":{"0":"post-1611","1":"product","2":"type-product","3":"status-publish","4":"has-post-thumbnail","6":"product_cat-colectia-romanica","7":"product_tag-franceza","8":"product_tag-gramatica","10":"first","11":"instock","12":"shipping-taxable","13":"purchasable","14":"product-type-simple"},"_links":{"self":[{"href":"https:\/\/editura-unibuc.ro\/en\/wp-json\/wp\/v2\/product\/1611","targetHints":{"allow":["GET"]}}],"collection":[{"href":"https:\/\/editura-unibuc.ro\/en\/wp-json\/wp\/v2\/product"}],"about":[{"href":"https:\/\/editura-unibuc.ro\/en\/wp-json\/wp\/v2\/types\/product"}],"replies":[{"embeddable":true,"href":"https:\/\/editura-unibuc.ro\/en\/wp-json\/wp\/v2\/comments?post=1611"}],"wp:featuredmedia":[{"embeddable":true,"href":"https:\/\/editura-unibuc.ro\/en\/wp-json\/wp\/v2\/media\/11138"}],"wp:attachment":[{"href":"https:\/\/editura-unibuc.ro\/en\/wp-json\/wp\/v2\/media?parent=1611"}],"wp:term":[{"taxonomy":"product_brand","embeddable":true,"href":"https:\/\/editura-unibuc.ro\/en\/wp-json\/wp\/v2\/product_brand?post=1611"},{"taxonomy":"product_cat","embeddable":true,"href":"https:\/\/editura-unibuc.ro\/en\/wp-json\/wp\/v2\/product_cat?post=1611"},{"taxonomy":"product_tag","embeddable":true,"href":"https:\/\/editura-unibuc.ro\/en\/wp-json\/wp\/v2\/product_tag?post=1611"}],"curies":[{"name":"wp","href":"https:\/\/api.w.org\/{rel}","templated":true}]}}