{"id":16128,"date":"2016-06-15T21:36:07","date_gmt":"2016-06-15T18:36:07","guid":{"rendered":"https:\/\/editura-unibuc.ro\/?post_type=product&#038;p=16128"},"modified":"2016-06-16T09:25:18","modified_gmt":"2016-06-16T06:25:18","slug":"un-profesor-de-filosofie-alexandru-valentin","status":"publish","type":"product","link":"https:\/\/editura-unibuc.ro\/en\/un-profesor-de-filosofie-alexandru-valentin\/","title":{"rendered":"UN PROFESOR DE FILOSOFIE: ALEXANDRU VALENTIN"},"content":{"rendered":"<p>Profesorul Alexandru Valentin nu crea teorii, el crea filosofi sau m\u0103car iubitori de filosofie\u2026<br \/>\nVolumul de fa\u0163\u0103 reune\u015fte amintiri ale unora dintre fo\u015ftii studen\u0163i \u015fi colegi ai regretatului profesor.<br \/>\n<\/p>","protected":false},"excerpt":{"rendered":"<p>Profesorul Alexandru Valentin nu crea teorii, el crea filosofi sau m\u0103car iubitori de filosofie\u2026 Volumul de fa\u0163\u0103 reune\u015fte amintiri ale unora dintre fo\u015ftii studen\u0163i \u015fi colegi ai regretatului profesor.<\/p>\n","protected":false},"featured_media":16129,"comment_status":"open","ping_status":"closed","template":"","meta":[],"product_brand":[],"product_cat":[991,994],"product_tag":[2083,921,1931,2001,949],"class_list":{"0":"post-16128","1":"product","2":"type-product","3":"status-publish","4":"has-post-thumbnail","6":"product_cat-stiinte-sociale","7":"product_cat-filosofie","8":"product_tag-alexandru-valentin","9":"product_tag-filosofie","10":"product_tag-memorialistica","11":"product_tag-mircea-flonta","12":"product_tag-omagiu","14":"first","15":"instock","16":"shipping-taxable","17":"purchasable","18":"product-type-simple"},"_links":{"self":[{"href":"https:\/\/editura-unibuc.ro\/en\/wp-json\/wp\/v2\/product\/16128","targetHints":{"allow":["GET"]}}],"collection":[{"href":"https:\/\/editura-unibuc.ro\/en\/wp-json\/wp\/v2\/product"}],"about":[{"href":"https:\/\/editura-unibuc.ro\/en\/wp-json\/wp\/v2\/types\/product"}],"replies":[{"embeddable":true,"href":"https:\/\/editura-unibuc.ro\/en\/wp-json\/wp\/v2\/comments?post=16128"}],"wp:featuredmedia":[{"embeddable":true,"href":"https:\/\/editura-unibuc.ro\/en\/wp-json\/wp\/v2\/media\/16129"}],"wp:attachment":[{"href":"https:\/\/editura-unibuc.ro\/en\/wp-json\/wp\/v2\/media?parent=16128"}],"wp:term":[{"taxonomy":"product_brand","embeddable":true,"href":"https:\/\/editura-unibuc.ro\/en\/wp-json\/wp\/v2\/product_brand?post=16128"},{"taxonomy":"product_cat","embeddable":true,"href":"https:\/\/editura-unibuc.ro\/en\/wp-json\/wp\/v2\/product_cat?post=16128"},{"taxonomy":"product_tag","embeddable":true,"href":"https:\/\/editura-unibuc.ro\/en\/wp-json\/wp\/v2\/product_tag?post=16128"}],"curies":[{"name":"wp","href":"https:\/\/api.w.org\/{rel}","templated":true}]}}