{"id":16130,"date":"2016-06-15T21:38:17","date_gmt":"2016-06-15T18:38:17","guid":{"rendered":"https:\/\/editura-unibuc.ro\/?post_type=product&#038;p=16130"},"modified":"2025-12-05T09:34:52","modified_gmt":"2025-12-05T07:34:52","slug":"ideologie-propaganda-si-manipulare-in-revistele-pentru-copii-din-romania-1948-1965","status":"publish","type":"product","link":"https:\/\/editura-unibuc.ro\/en\/ideologie-propaganda-si-manipulare-in-revistele-pentru-copii-din-romania-1948-1965\/","title":{"rendered":"IDEOLOGIE, PROPAGAND\u0102 \u015eI MANIPULARE \u00ceN REVISTELE PENTRU COPII DIN ROM\u00c2NIA (1948-1965)"},"content":{"rendered":"<p>Prezenta lucrare nu vizeaz\u0103 doar aspectul literar al publica\u0163iilor dedicate copiilor \u00een vremea lui Gheorghiu-Dej, ci \u015fi func\u0163ia lor educativ\u0103 \u015fi leg\u0103tura cu ideologia, respectiv \u00eencercarea de a impune un model social \u015fi uman prin manipularea copiilor de la cele mai fragede v\u00e2rste.<\/p>\n","protected":false},"excerpt":{"rendered":"<p>Prezenta lucrare nu vizeaz\u0103 doar aspectul literar al publica\u0163iilor dedicate copiilor \u00een vremea lui Gheorghiu-Dej, ci \u015fi func\u0163ia lor educativ\u0103 \u015fi leg\u0103tura cu ideologia, respectiv \u00eencercarea de a impune un model social \u015fi uman prin manipularea copiilor de la cele mai fragede v\u00e2rste.<\/p>\n","protected":false},"featured_media":16131,"comment_status":"open","ping_status":"closed","template":"","meta":[],"product_brand":[],"product_cat":[1464,979],"product_tag":[2088,2084,1207,1044,881,1011,2085,1184,2086,2087],"class_list":{"0":"post-16130","1":"product","2":"type-product","3":"status-publish","4":"has-post-thumbnail","6":"product_cat-filologie","7":"product_cat-limba-romana","8":"product_tag-ana-enescu","9":"product_tag-banda-desenata","10":"product_tag-comunism","11":"product_tag-filologie","12":"product_tag-istorie","13":"product_tag-limba-romana","14":"product_tag-literatura-copii","15":"product_tag-litere","16":"product_tag-pionieri","17":"product_tag-socialism","19":"first","20":"outofstock","21":"shipping-taxable","22":"purchasable","23":"product-type-simple"},"_links":{"self":[{"href":"https:\/\/editura-unibuc.ro\/en\/wp-json\/wp\/v2\/product\/16130","targetHints":{"allow":["GET"]}}],"collection":[{"href":"https:\/\/editura-unibuc.ro\/en\/wp-json\/wp\/v2\/product"}],"about":[{"href":"https:\/\/editura-unibuc.ro\/en\/wp-json\/wp\/v2\/types\/product"}],"replies":[{"embeddable":true,"href":"https:\/\/editura-unibuc.ro\/en\/wp-json\/wp\/v2\/comments?post=16130"}],"wp:featuredmedia":[{"embeddable":true,"href":"https:\/\/editura-unibuc.ro\/en\/wp-json\/wp\/v2\/media\/16131"}],"wp:attachment":[{"href":"https:\/\/editura-unibuc.ro\/en\/wp-json\/wp\/v2\/media?parent=16130"}],"wp:term":[{"taxonomy":"product_brand","embeddable":true,"href":"https:\/\/editura-unibuc.ro\/en\/wp-json\/wp\/v2\/product_brand?post=16130"},{"taxonomy":"product_cat","embeddable":true,"href":"https:\/\/editura-unibuc.ro\/en\/wp-json\/wp\/v2\/product_cat?post=16130"},{"taxonomy":"product_tag","embeddable":true,"href":"https:\/\/editura-unibuc.ro\/en\/wp-json\/wp\/v2\/product_tag?post=16130"}],"curies":[{"name":"wp","href":"https:\/\/api.w.org\/{rel}","templated":true}]}}