{"id":16132,"date":"2016-06-15T21:40:09","date_gmt":"2016-06-15T18:40:09","guid":{"rendered":"https:\/\/editura-unibuc.ro\/?post_type=product&#038;p=16132"},"modified":"2016-06-15T21:40:09","modified_gmt":"2016-06-15T18:40:09","slug":"lexic-japonez-specializat-nivel-incepator-spre-mediu","status":"publish","type":"product","link":"https:\/\/editura-unibuc.ro\/en\/lexic-japonez-specializat-nivel-incepator-spre-mediu\/","title":{"rendered":"LEXIC JAPONEZ SPECIALIZAT \u2013 NIVEL \u00ceNCEP\u0102TOR SPRE MEDIU"},"content":{"rendered":"<p>Volumul se adreseaz\u0103 celor care au deja un nivel \u00eencep\u0103tor \u00een limba japonez\u0103 (aproximativ 200 de ore).  <\/p>\n","protected":false},"excerpt":{"rendered":"<p>Volumul se adreseaz\u0103 celor care au deja un nivel \u00eencep\u0103tor \u00een limba japonez\u0103 (aproximativ 200 de ore).<\/p>\n","protected":false},"featured_media":16133,"comment_status":"open","ping_status":"closed","template":"","meta":[],"product_brand":[],"product_cat":[1464,980],"product_tag":[2089,1694,1835,1836],"class_list":{"0":"post-16132","1":"product","2":"type-product","3":"status-publish","4":"has-post-thumbnail","6":"product_cat-filologie","7":"product_cat-limbi-romanice-clasice-si-orientale","8":"product_tag-hiroaki-chijiiwa","9":"product_tag-lexic-japonez","10":"product_tag-limba-japoneza","11":"product_tag-ruxandra-oana-raianu","13":"first","14":"instock","15":"shipping-taxable","16":"purchasable","17":"product-type-simple"},"_links":{"self":[{"href":"https:\/\/editura-unibuc.ro\/en\/wp-json\/wp\/v2\/product\/16132","targetHints":{"allow":["GET"]}}],"collection":[{"href":"https:\/\/editura-unibuc.ro\/en\/wp-json\/wp\/v2\/product"}],"about":[{"href":"https:\/\/editura-unibuc.ro\/en\/wp-json\/wp\/v2\/types\/product"}],"replies":[{"embeddable":true,"href":"https:\/\/editura-unibuc.ro\/en\/wp-json\/wp\/v2\/comments?post=16132"}],"wp:featuredmedia":[{"embeddable":true,"href":"https:\/\/editura-unibuc.ro\/en\/wp-json\/wp\/v2\/media\/16133"}],"wp:attachment":[{"href":"https:\/\/editura-unibuc.ro\/en\/wp-json\/wp\/v2\/media?parent=16132"}],"wp:term":[{"taxonomy":"product_brand","embeddable":true,"href":"https:\/\/editura-unibuc.ro\/en\/wp-json\/wp\/v2\/product_brand?post=16132"},{"taxonomy":"product_cat","embeddable":true,"href":"https:\/\/editura-unibuc.ro\/en\/wp-json\/wp\/v2\/product_cat?post=16132"},{"taxonomy":"product_tag","embeddable":true,"href":"https:\/\/editura-unibuc.ro\/en\/wp-json\/wp\/v2\/product_tag?post=16132"}],"curies":[{"name":"wp","href":"https:\/\/api.w.org\/{rel}","templated":true}]}}