{"id":16134,"date":"2016-06-15T21:42:13","date_gmt":"2016-06-15T18:42:13","guid":{"rendered":"https:\/\/editura-unibuc.ro\/?post_type=product&#038;p=16134"},"modified":"2019-10-10T16:04:07","modified_gmt":"2019-10-10T13:04:07","slug":"breviar-de-retorica","status":"publish","type":"product","link":"https:\/\/editura-unibuc.ro\/en\/breviar-de-retorica\/","title":{"rendered":"BREVIAR DE RETORIC\u0102"},"content":{"rendered":"<p>Edi\u0163ia prezent\u0103 a cursului de fa\u0163\u0103  con\u0163ine o nou\u0103 formul\u0103 de sumar, precum \u015fi c\u00e2teva discursuri care valideaz\u0103 \u015fi valorific\u0103 principiile teoretice. <\/p>","protected":false},"excerpt":{"rendered":"<p>Edi\u0163ia prezent\u0103 a cursului de fa\u0163\u0103 con\u0163ine o nou\u0103 formul\u0103 de sumar, precum \u015fi c\u00e2teva discursuri care valideaz\u0103 \u015fi valorific\u0103 principiile teoretice.<\/p>\n","protected":false},"featured_media":16135,"comment_status":"open","ping_status":"closed","template":"","meta":[],"product_brand":[],"product_cat":[1464,979],"product_tag":[1736,2092,2090,2091],"class_list":{"0":"post-16134","1":"product","2":"type-product","3":"status-publish","4":"has-post-thumbnail","6":"product_cat-filologie","7":"product_cat-limba-romana","8":"product_tag-antoaneta-tanasescu","9":"product_tag-discursuri","10":"product_tag-laura-mesina","11":"product_tag-retorica","13":"first","14":"outofstock","15":"shipping-taxable","16":"purchasable","17":"product-type-simple"},"_links":{"self":[{"href":"https:\/\/editura-unibuc.ro\/en\/wp-json\/wp\/v2\/product\/16134","targetHints":{"allow":["GET"]}}],"collection":[{"href":"https:\/\/editura-unibuc.ro\/en\/wp-json\/wp\/v2\/product"}],"about":[{"href":"https:\/\/editura-unibuc.ro\/en\/wp-json\/wp\/v2\/types\/product"}],"replies":[{"embeddable":true,"href":"https:\/\/editura-unibuc.ro\/en\/wp-json\/wp\/v2\/comments?post=16134"}],"wp:featuredmedia":[{"embeddable":true,"href":"https:\/\/editura-unibuc.ro\/en\/wp-json\/wp\/v2\/media\/16135"}],"wp:attachment":[{"href":"https:\/\/editura-unibuc.ro\/en\/wp-json\/wp\/v2\/media?parent=16134"}],"wp:term":[{"taxonomy":"product_brand","embeddable":true,"href":"https:\/\/editura-unibuc.ro\/en\/wp-json\/wp\/v2\/product_brand?post=16134"},{"taxonomy":"product_cat","embeddable":true,"href":"https:\/\/editura-unibuc.ro\/en\/wp-json\/wp\/v2\/product_cat?post=16134"},{"taxonomy":"product_tag","embeddable":true,"href":"https:\/\/editura-unibuc.ro\/en\/wp-json\/wp\/v2\/product_tag?post=16134"}],"curies":[{"name":"wp","href":"https:\/\/api.w.org\/{rel}","templated":true}]}}