{"id":16138,"date":"2016-06-15T21:50:32","date_gmt":"2016-06-15T18:50:32","guid":{"rendered":"https:\/\/editura-unibuc.ro\/?post_type=product&#038;p=16138"},"modified":"2025-03-13T12:41:22","modified_gmt":"2025-03-13T10:41:22","slug":"romano-bohemica-revista-pentru-studii-central-europene-iv2015","status":"publish","type":"product","link":"https:\/\/editura-unibuc.ro\/en\/romano-bohemica-revista-pentru-studii-central-europene-iv2015\/","title":{"rendered":"Romano-Bohemica. Journal for Central European Studies, IV\/2015"},"content":{"rendered":"<p>Antologie de poezie ceh\u0103 contemporan\u0103 \u00een limba rom\u00e2n\u0103<\/p>\n","protected":false},"excerpt":{"rendered":"<p>Antologie de poezie ceh\u0103 contemporan\u0103 \u00een limba rom\u00e2n\u0103<\/p>\n","protected":false},"featured_media":16139,"comment_status":"open","ping_status":"closed","template":"","meta":[],"product_brand":[],"product_cat":[3823,1464,981,1469],"product_tag":[1019,1172,2093,2094],"class_list":{"0":"post-16138","1":"product","2":"type-product","3":"status-publish","4":"has-post-thumbnail","6":"product_cat-stiinte-umane","7":"product_cat-filologie","8":"product_cat-limbi-slave","9":"product_cat-periodice","10":"product_tag-limba-ceha","11":"product_tag-limbi-slave","12":"product_tag-poezie-ceha","13":"product_tag-romano-bohemica","15":"first","16":"instock","17":"shipping-taxable","18":"purchasable","19":"product-type-simple"},"_links":{"self":[{"href":"https:\/\/editura-unibuc.ro\/en\/wp-json\/wp\/v2\/product\/16138","targetHints":{"allow":["GET"]}}],"collection":[{"href":"https:\/\/editura-unibuc.ro\/en\/wp-json\/wp\/v2\/product"}],"about":[{"href":"https:\/\/editura-unibuc.ro\/en\/wp-json\/wp\/v2\/types\/product"}],"replies":[{"embeddable":true,"href":"https:\/\/editura-unibuc.ro\/en\/wp-json\/wp\/v2\/comments?post=16138"}],"wp:featuredmedia":[{"embeddable":true,"href":"https:\/\/editura-unibuc.ro\/en\/wp-json\/wp\/v2\/media\/16139"}],"wp:attachment":[{"href":"https:\/\/editura-unibuc.ro\/en\/wp-json\/wp\/v2\/media?parent=16138"}],"wp:term":[{"taxonomy":"product_brand","embeddable":true,"href":"https:\/\/editura-unibuc.ro\/en\/wp-json\/wp\/v2\/product_brand?post=16138"},{"taxonomy":"product_cat","embeddable":true,"href":"https:\/\/editura-unibuc.ro\/en\/wp-json\/wp\/v2\/product_cat?post=16138"},{"taxonomy":"product_tag","embeddable":true,"href":"https:\/\/editura-unibuc.ro\/en\/wp-json\/wp\/v2\/product_tag?post=16138"}],"curies":[{"name":"wp","href":"https:\/\/api.w.org\/{rel}","templated":true}]}}