{"id":16140,"date":"2016-06-15T21:52:52","date_gmt":"2016-06-15T18:52:52","guid":{"rendered":"https:\/\/editura-unibuc.ro\/?post_type=product&#038;p=16140"},"modified":"2017-10-05T15:23:53","modified_gmt":"2017-10-05T12:23:53","slug":"bibliografie-rroma","status":"publish","type":"product","link":"https:\/\/editura-unibuc.ro\/en\/bibliografie-rroma\/","title":{"rendered":"BIBLIOGRAFIE RROM\u0102"},"content":{"rendered":"<p>Cartea se adreseaz\u0103 studen\u0163ilor \u015fi tuturor persoanelor care studiaz\u0103 limba rrom\u0103.<\/p>\n","protected":false},"excerpt":{"rendered":"<p>Cartea se adreseaz\u0103 studen\u0163ilor \u015fi tuturor persoanelor care studiaz\u0103 limba rrom\u0103.<\/p>\n","protected":false},"featured_media":16141,"comment_status":"open","ping_status":"closed","template":"","meta":[],"product_brand":[],"product_cat":[1464,980],"product_tag":[2096,2095],"class_list":{"0":"post-16140","1":"product","2":"type-product","3":"status-publish","4":"has-post-thumbnail","6":"product_cat-filologie","7":"product_cat-limbi-romanice-clasice-si-orientale","8":"product_tag-gheorghe-sarau","9":"product_tag-limba-si-literatura-rromani","11":"first","12":"instock","13":"shipping-taxable","14":"purchasable","15":"product-type-simple"},"_links":{"self":[{"href":"https:\/\/editura-unibuc.ro\/en\/wp-json\/wp\/v2\/product\/16140","targetHints":{"allow":["GET"]}}],"collection":[{"href":"https:\/\/editura-unibuc.ro\/en\/wp-json\/wp\/v2\/product"}],"about":[{"href":"https:\/\/editura-unibuc.ro\/en\/wp-json\/wp\/v2\/types\/product"}],"replies":[{"embeddable":true,"href":"https:\/\/editura-unibuc.ro\/en\/wp-json\/wp\/v2\/comments?post=16140"}],"wp:featuredmedia":[{"embeddable":true,"href":"https:\/\/editura-unibuc.ro\/en\/wp-json\/wp\/v2\/media\/16141"}],"wp:attachment":[{"href":"https:\/\/editura-unibuc.ro\/en\/wp-json\/wp\/v2\/media?parent=16140"}],"wp:term":[{"taxonomy":"product_brand","embeddable":true,"href":"https:\/\/editura-unibuc.ro\/en\/wp-json\/wp\/v2\/product_brand?post=16140"},{"taxonomy":"product_cat","embeddable":true,"href":"https:\/\/editura-unibuc.ro\/en\/wp-json\/wp\/v2\/product_cat?post=16140"},{"taxonomy":"product_tag","embeddable":true,"href":"https:\/\/editura-unibuc.ro\/en\/wp-json\/wp\/v2\/product_tag?post=16140"}],"curies":[{"name":"wp","href":"https:\/\/api.w.org\/{rel}","templated":true}]}}