{"id":16169,"date":"2016-06-21T18:03:54","date_gmt":"2016-06-21T15:03:54","guid":{"rendered":"https:\/\/editura-unibuc.ro\/?post_type=product&#038;p=16169"},"modified":"2024-07-23T08:47:32","modified_gmt":"2024-07-23T05:47:32","slug":"lectura-adolescentilor-dimensiuni-culturale-si-educative","status":"publish","type":"product","link":"https:\/\/editura-unibuc.ro\/en\/lectura-adolescentilor-dimensiuni-culturale-si-educative\/","title":{"rendered":"LECTURA ADOLESCEN\u0162ILOR. DIMENSIUNI CULTURALE \u015eI EDUCATIVE"},"content":{"rendered":"<p>\u00cen\u0163eleg\u00e2nd fundamental problematica adolescentului, autoarea, cu pasiune \u015fi d\u0103ruire, \u00ee\u015fi argumenteaz\u0103 opiniile, menite s\u0103 disloce anumite prejudec\u0103\u0163i privind atitudinea, comportamentul, deprinderile \u015fi capacitatea t\u00e2n\u0103rului de a se integra \u00een \u015fcoal\u0103 \u015fi societate, de a-\u015fi dezvolta competen\u0163ele lectoriale. <\/p>\n","protected":false},"excerpt":{"rendered":"<p>\u00cen\u0163eleg\u00e2nd fundamental problematica adolescentului, autoarea, cu pasiune \u015fi d\u0103ruire, \u00ee\u015fi argumenteaz\u0103 opiniile, menite s\u0103 disloce anumite prejudec\u0103\u0163i privind atitudinea, comportamentul, deprinderile \u015fi capacitatea t\u00e2n\u0103rului de a se integra \u00een \u015fcoal\u0103 \u015fi societate, de a-\u015fi dezvolta competen\u0163ele lectoriale.<\/p>\n","protected":false},"featured_media":16170,"comment_status":"open","ping_status":"closed","template":"","meta":[],"product_brand":[],"product_cat":[991,998],"product_tag":[1766,1170,2101,1304,2100],"class_list":{"0":"post-16169","1":"product","2":"type-product","3":"status-publish","4":"has-post-thumbnail","6":"product_cat-stiinte-sociale","7":"product_cat-sociologie-si-asistenta-sociala","8":"product_tag-adolescenti","9":"product_tag-educatie","10":"product_tag-integrare-in-societate","11":"product_tag-invatamant","12":"product_tag-simona-fortin","14":"first","15":"outofstock","16":"shipping-taxable","17":"purchasable","18":"product-type-simple"},"_links":{"self":[{"href":"https:\/\/editura-unibuc.ro\/en\/wp-json\/wp\/v2\/product\/16169","targetHints":{"allow":["GET"]}}],"collection":[{"href":"https:\/\/editura-unibuc.ro\/en\/wp-json\/wp\/v2\/product"}],"about":[{"href":"https:\/\/editura-unibuc.ro\/en\/wp-json\/wp\/v2\/types\/product"}],"replies":[{"embeddable":true,"href":"https:\/\/editura-unibuc.ro\/en\/wp-json\/wp\/v2\/comments?post=16169"}],"wp:featuredmedia":[{"embeddable":true,"href":"https:\/\/editura-unibuc.ro\/en\/wp-json\/wp\/v2\/media\/16170"}],"wp:attachment":[{"href":"https:\/\/editura-unibuc.ro\/en\/wp-json\/wp\/v2\/media?parent=16169"}],"wp:term":[{"taxonomy":"product_brand","embeddable":true,"href":"https:\/\/editura-unibuc.ro\/en\/wp-json\/wp\/v2\/product_brand?post=16169"},{"taxonomy":"product_cat","embeddable":true,"href":"https:\/\/editura-unibuc.ro\/en\/wp-json\/wp\/v2\/product_cat?post=16169"},{"taxonomy":"product_tag","embeddable":true,"href":"https:\/\/editura-unibuc.ro\/en\/wp-json\/wp\/v2\/product_tag?post=16169"}],"curies":[{"name":"wp","href":"https:\/\/api.w.org\/{rel}","templated":true}]}}