{"id":16177,"date":"2016-06-21T18:11:48","date_gmt":"2016-06-21T15:11:48","guid":{"rendered":"https:\/\/editura-unibuc.ro\/?post_type=product&#038;p=16177"},"modified":"2025-03-13T12:40:37","modified_gmt":"2025-03-13T10:40:37","slug":"romano-bohemica-iv2016-antologie-de-proza-scurta-contemporana-ceha-in-limba-romana","status":"publish","type":"product","link":"https:\/\/editura-unibuc.ro\/en\/romano-bohemica-iv2016-antologie-de-proza-scurta-contemporana-ceha-in-limba-romana\/","title":{"rendered":"ROMANO-BOHEMICA, IV\/2016 Antologie de proz\u0103 scurt\u0103 contemporan\u0103 ceh\u0103 \u00een limba rom\u00e2n\u0103"},"content":{"rendered":"<p>Revist\u0103 pentru studii central-europene<\/p>\n","protected":false},"excerpt":{"rendered":"<p>Revist\u0103 pentru studii central-europene<\/p>\n","protected":false},"featured_media":16178,"comment_status":"open","ping_status":"closed","template":"","meta":[],"product_brand":[],"product_cat":[3823,1464,981,1893],"product_tag":[1019,1172,1147,2104,2094],"class_list":{"0":"post-16177","1":"product","2":"type-product","3":"status-publish","4":"has-post-thumbnail","6":"product_cat-stiinte-umane","7":"product_cat-filologie","8":"product_cat-limbi-slave","9":"product_cat-reviste-academice","10":"product_tag-limba-ceha","11":"product_tag-limbi-slave","12":"product_tag-literatura-ceha","13":"product_tag-proza-ceha","14":"product_tag-romano-bohemica","16":"first","17":"instock","18":"shipping-taxable","19":"purchasable","20":"product-type-simple"},"_links":{"self":[{"href":"https:\/\/editura-unibuc.ro\/en\/wp-json\/wp\/v2\/product\/16177","targetHints":{"allow":["GET"]}}],"collection":[{"href":"https:\/\/editura-unibuc.ro\/en\/wp-json\/wp\/v2\/product"}],"about":[{"href":"https:\/\/editura-unibuc.ro\/en\/wp-json\/wp\/v2\/types\/product"}],"replies":[{"embeddable":true,"href":"https:\/\/editura-unibuc.ro\/en\/wp-json\/wp\/v2\/comments?post=16177"}],"wp:featuredmedia":[{"embeddable":true,"href":"https:\/\/editura-unibuc.ro\/en\/wp-json\/wp\/v2\/media\/16178"}],"wp:attachment":[{"href":"https:\/\/editura-unibuc.ro\/en\/wp-json\/wp\/v2\/media?parent=16177"}],"wp:term":[{"taxonomy":"product_brand","embeddable":true,"href":"https:\/\/editura-unibuc.ro\/en\/wp-json\/wp\/v2\/product_brand?post=16177"},{"taxonomy":"product_cat","embeddable":true,"href":"https:\/\/editura-unibuc.ro\/en\/wp-json\/wp\/v2\/product_cat?post=16177"},{"taxonomy":"product_tag","embeddable":true,"href":"https:\/\/editura-unibuc.ro\/en\/wp-json\/wp\/v2\/product_tag?post=16177"}],"curies":[{"name":"wp","href":"https:\/\/api.w.org\/{rel}","templated":true}]}}