{"id":16181,"date":"2016-06-21T18:14:46","date_gmt":"2016-06-21T15:14:46","guid":{"rendered":"https:\/\/editura-unibuc.ro\/?post_type=product&#038;p=16181"},"modified":"2025-08-28T12:15:42","modified_gmt":"2025-08-28T09:15:42","slug":"sociologia-rediviva","status":"publish","type":"product","link":"https:\/\/editura-unibuc.ro\/en\/sociologia-rediviva\/","title":{"rendered":"SOCIOLOGIA REDIVIVA"},"content":{"rendered":"<p>La acest volum prilejuit de \u00eemplinirea a 50 de ani de la reinstitu\u0163ionalizarea \u00eenv\u0103\u0163\u0103m\u00e2ntului sociologic rom\u00e2nesc au participat cadre didactice precum: Ioan Dr\u0103gan, Gheorghe Vl\u0103du\u0163escu, Andrei St\u0103noiu, dar \u015fi studen\u0163i din prima promo\u0163ie de sociologi.<\/p>\n","protected":false},"excerpt":{"rendered":"<p>La acest volum prilejuit de \u00eemplinirea a 50 de ani de la reinstitu\u0163ionalizarea \u00eenv\u0103\u0163\u0103m\u00e2ntului sociologic rom\u00e2nesc au participat cadre didactice precum: Ioan Dr\u0103gan, Gheorghe Vl\u0103du\u0163escu, Andrei St\u0103noiu, dar \u015fi studen\u0163i din prima promo\u0163ie de sociologi.<\/p>\n","protected":false},"featured_media":16182,"comment_status":"open","ping_status":"closed","template":"","meta":[],"product_brand":[],"product_cat":[991,998],"product_tag":[2110,2109,2111,2108,3401,2105,2107,1039],"class_list":{"0":"post-16181","1":"product","2":"type-product","3":"status-publish","4":"has-post-thumbnail","6":"product_cat-stiinte-sociale","7":"product_cat-sociologie-si-asistenta-sociala","8":"product_tag-andrei-stanoiu","9":"product_tag-gheorghe-vladutescu","10":"product_tag-invatamant-sociologic-romanesc","11":"product_tag-ioan-dragan","12":"product_tag-ioan-marginean","13":"product_tag-maria-voinea","14":"product_tag-septimiu-chelcea","15":"product_tag-sociologie","17":"first","18":"instock","19":"shipping-taxable","20":"purchasable","21":"product-type-simple"},"_links":{"self":[{"href":"https:\/\/editura-unibuc.ro\/en\/wp-json\/wp\/v2\/product\/16181","targetHints":{"allow":["GET"]}}],"collection":[{"href":"https:\/\/editura-unibuc.ro\/en\/wp-json\/wp\/v2\/product"}],"about":[{"href":"https:\/\/editura-unibuc.ro\/en\/wp-json\/wp\/v2\/types\/product"}],"replies":[{"embeddable":true,"href":"https:\/\/editura-unibuc.ro\/en\/wp-json\/wp\/v2\/comments?post=16181"}],"wp:featuredmedia":[{"embeddable":true,"href":"https:\/\/editura-unibuc.ro\/en\/wp-json\/wp\/v2\/media\/16182"}],"wp:attachment":[{"href":"https:\/\/editura-unibuc.ro\/en\/wp-json\/wp\/v2\/media?parent=16181"}],"wp:term":[{"taxonomy":"product_brand","embeddable":true,"href":"https:\/\/editura-unibuc.ro\/en\/wp-json\/wp\/v2\/product_brand?post=16181"},{"taxonomy":"product_cat","embeddable":true,"href":"https:\/\/editura-unibuc.ro\/en\/wp-json\/wp\/v2\/product_cat?post=16181"},{"taxonomy":"product_tag","embeddable":true,"href":"https:\/\/editura-unibuc.ro\/en\/wp-json\/wp\/v2\/product_tag?post=16181"}],"curies":[{"name":"wp","href":"https:\/\/api.w.org\/{rel}","templated":true}]}}