{"id":16183,"date":"2016-06-21T18:16:30","date_gmt":"2016-06-21T15:16:30","guid":{"rendered":"https:\/\/editura-unibuc.ro\/magazin\/romano-bohemica-vi2016-antologie-soucasne-rumunske-poezie-a-kratke-prozy-v-cestine\/"},"modified":"2025-03-13T12:39:52","modified_gmt":"2025-03-13T10:39:52","slug":"romano-bohemica-vi2016-antologie-soucasne-rumunske-poezie-a-kratke-prozy-v-cestine","status":"publish","type":"product","link":"https:\/\/editura-unibuc.ro\/en\/romano-bohemica-vi2016-antologie-soucasne-rumunske-poezie-a-kratke-prozy-v-cestine\/","title":{"rendered":"ROMANO-BOHEMICA, VI\/2016 Antologie sou\u010dasn\u00e9 rumunsk\u00e9 poezie a kr\u00e1tk\u00e9 pr\u00f3zy v \u010de\u0161tin\u011b"},"content":{"rendered":"<p>Revist\u0103 pentru studii central-europene<\/p>\n","protected":false},"excerpt":{"rendered":"<p>Revist\u0103 pentru studii central-europene<\/p>\n","protected":false},"featured_media":16180,"comment_status":"open","ping_status":"closed","template":"","meta":[],"product_brand":[],"product_cat":[3823,1464,981,1469],"product_tag":[1019,1172,1147,902,2104,2112,2094],"class_list":{"0":"post-16183","1":"product","2":"type-product","3":"status-publish","4":"has-post-thumbnail","6":"product_cat-stiinte-umane","7":"product_cat-filologie","8":"product_cat-limbi-slave","9":"product_cat-periodice","10":"product_tag-limba-ceha","11":"product_tag-limbi-slave","12":"product_tag-literatura-ceha","13":"product_tag-poezie","14":"product_tag-proza-ceha","15":"product_tag-prozy","16":"product_tag-romano-bohemica","18":"first","19":"instock","20":"shipping-taxable","21":"purchasable","22":"product-type-simple"},"_links":{"self":[{"href":"https:\/\/editura-unibuc.ro\/en\/wp-json\/wp\/v2\/product\/16183","targetHints":{"allow":["GET"]}}],"collection":[{"href":"https:\/\/editura-unibuc.ro\/en\/wp-json\/wp\/v2\/product"}],"about":[{"href":"https:\/\/editura-unibuc.ro\/en\/wp-json\/wp\/v2\/types\/product"}],"replies":[{"embeddable":true,"href":"https:\/\/editura-unibuc.ro\/en\/wp-json\/wp\/v2\/comments?post=16183"}],"wp:featuredmedia":[{"embeddable":true,"href":"https:\/\/editura-unibuc.ro\/en\/wp-json\/wp\/v2\/media\/16180"}],"wp:attachment":[{"href":"https:\/\/editura-unibuc.ro\/en\/wp-json\/wp\/v2\/media?parent=16183"}],"wp:term":[{"taxonomy":"product_brand","embeddable":true,"href":"https:\/\/editura-unibuc.ro\/en\/wp-json\/wp\/v2\/product_brand?post=16183"},{"taxonomy":"product_cat","embeddable":true,"href":"https:\/\/editura-unibuc.ro\/en\/wp-json\/wp\/v2\/product_cat?post=16183"},{"taxonomy":"product_tag","embeddable":true,"href":"https:\/\/editura-unibuc.ro\/en\/wp-json\/wp\/v2\/product_tag?post=16183"}],"curies":[{"name":"wp","href":"https:\/\/api.w.org\/{rel}","templated":true}]}}