{"id":16215,"date":"2016-06-28T14:23:36","date_gmt":"2016-06-28T11:23:36","guid":{"rendered":"https:\/\/editura-unibuc.ro\/?post_type=product&#038;p=16215"},"modified":"2025-07-17T10:53:45","modified_gmt":"2025-07-17T07:53:45","slug":"moartea-si-lumea-romaneasca-premoderna-discursuri-intretaiate","status":"publish","type":"product","link":"https:\/\/editura-unibuc.ro\/en\/moartea-si-lumea-romaneasca-premoderna-discursuri-intretaiate\/","title":{"rendered":"MOARTEA \u015eI LUMEA ROM\u00c2NEASC\u0102 PREMODERN\u0102. DISCURSURI \u00ceNTRET\u0102IATE"},"content":{"rendered":"<p>Cristina Bogdan g\u00e2nde\u015fte lumea ca un \u00eentreg \u015fi cultura ca un tot unitar, \u00een care artele vizuale \u015fi artele cuv\u00e2ntului nu tr\u0103iesc \u00een sfere separate, ci dau glas, fiecare cu instrumentarul ei, felului \u00een care oamenii \u00ee\u015fi duc \u015fi \u00ee\u015fi reprezint\u0103 existen\u0163a. <\/p>\n","protected":false},"excerpt":{"rendered":"<p>Cristina Bogdan g\u00e2nde\u015fte lumea ca un \u00eentreg \u015fi cultura ca un tot unitar, \u00een care artele vizuale \u015fi artele cuv\u00e2ntului nu tr\u0103iesc \u00een sfere separate, ci dau glas, fiecare cu instrumentarul ei, felului \u00een care oamenii \u00ee\u015fi duc \u015fi \u00ee\u015fi reprezint\u0103 existen\u0163a.<\/p>\n","protected":false},"featured_media":16216,"comment_status":"open","ping_status":"closed","template":"","meta":[],"product_brand":[],"product_cat":[1464,979],"product_tag":[2121,2122,2123],"class_list":{"0":"post-16215","1":"product","2":"type-product","3":"status-publish","4":"has-post-thumbnail","6":"product_cat-filologie","7":"product_cat-limba-romana","8":"product_tag-cultura-romaneasca","9":"product_tag-literatura-romana","10":"product_tag-spiritualitate-romaneasca","12":"first","13":"instock","14":"shipping-taxable","15":"purchasable","16":"product-type-simple"},"_links":{"self":[{"href":"https:\/\/editura-unibuc.ro\/en\/wp-json\/wp\/v2\/product\/16215","targetHints":{"allow":["GET"]}}],"collection":[{"href":"https:\/\/editura-unibuc.ro\/en\/wp-json\/wp\/v2\/product"}],"about":[{"href":"https:\/\/editura-unibuc.ro\/en\/wp-json\/wp\/v2\/types\/product"}],"replies":[{"embeddable":true,"href":"https:\/\/editura-unibuc.ro\/en\/wp-json\/wp\/v2\/comments?post=16215"}],"wp:featuredmedia":[{"embeddable":true,"href":"https:\/\/editura-unibuc.ro\/en\/wp-json\/wp\/v2\/media\/16216"}],"wp:attachment":[{"href":"https:\/\/editura-unibuc.ro\/en\/wp-json\/wp\/v2\/media?parent=16215"}],"wp:term":[{"taxonomy":"product_brand","embeddable":true,"href":"https:\/\/editura-unibuc.ro\/en\/wp-json\/wp\/v2\/product_brand?post=16215"},{"taxonomy":"product_cat","embeddable":true,"href":"https:\/\/editura-unibuc.ro\/en\/wp-json\/wp\/v2\/product_cat?post=16215"},{"taxonomy":"product_tag","embeddable":true,"href":"https:\/\/editura-unibuc.ro\/en\/wp-json\/wp\/v2\/product_tag?post=16215"}],"curies":[{"name":"wp","href":"https:\/\/api.w.org\/{rel}","templated":true}]}}