{"id":16217,"date":"2016-06-28T14:37:06","date_gmt":"2016-06-28T11:37:06","guid":{"rendered":"https:\/\/editura-unibuc.ro\/?post_type=product&#038;p=16217"},"modified":"2025-08-28T11:57:34","modified_gmt":"2025-08-28T08:57:34","slug":"paris-moscova-via-siberia-de-la-napoleon-la-lenin-imaginea-rusiei-si-a-rusilor-in-literatura-franceza-de-calatorie-a-secolului-al-xix-lea","status":"publish","type":"product","link":"https:\/\/editura-unibuc.ro\/en\/paris-moscova-via-siberia-de-la-napoleon-la-lenin-imaginea-rusiei-si-a-rusilor-in-literatura-franceza-de-calatorie-a-secolului-al-xix-lea\/","title":{"rendered":"PARIS &#8211; MOSCOVA VIA SIBERIA DE LA NAPOLEON LA LENIN. IMAGINEA RUSIEI \u015eI A RU\u015eILOR \u00ceN LITERATURA FRANCEZ\u0102 DE C\u0102L\u0102TORIE A SECOLULUI AL XIX-LEA"},"content":{"rendered":"<p>\u00centre Rusia \u015fi Fran\u0163a secolului al nou\u0103sprezecelea nu exist\u0103 doar o distan\u0163\u0103 geografic\u0103 mare, ci \u015fi leg\u0103turi la vedere sau ascunse, f\u0103\u0163i\u015fe sau subtile.<br \/>\nRaluca R\u0103dulescu scrie despre felul cum a fost v\u0103zut\u0103 Rusia de o parte dintre francezii celebri care au vizitat-o.<br \/>\n<em>Paris-Moscova via Siberia de la Napoleon la Lenin<\/em> e o lucrare care \u00ee\u015fi atinge \u0163intele, deoarece informeaz\u0103, \u00eembog\u0103\u0163e\u015fte \u015fi \u00eenc\u00e2nt\u0103 cititorul.<br \/>\n<\/p>","protected":false},"excerpt":{"rendered":"<p>\u00centre Rusia \u015fi Fran\u0163a secolului al nou\u0103sprezecelea nu exist\u0103 doar o distan\u0163\u0103 geografic\u0103 mare, ci \u015fi leg\u0103turi la vedere sau ascunse, f\u0103\u0163i\u015fe sau subtile. Raluca R\u0103dulescu scrie despre felul cum a fost v\u0103zut\u0103 Rusia de o parte dintre francezii celebri care au vizitat-o. Paris-Moscova via Siberia de la Napoleon la Lenin e o lucrare care [&hellip;]<\/p>\n","protected":false},"featured_media":16218,"comment_status":"open","ping_status":"closed","template":"","meta":[],"product_brand":[],"product_cat":[1464,979],"product_tag":[2127,2125,2124,1169,2126,1729],"class_list":{"0":"post-16217","1":"product","2":"type-product","3":"status-publish","4":"has-post-thumbnail","6":"product_cat-filologie","7":"product_cat-limba-romana","8":"product_tag-cultura-rusa","9":"product_tag-franta","10":"product_tag-literatura-de-calatorie","11":"product_tag-literatura-franceza","12":"product_tag-raluca-radulescu","13":"product_tag-rusia","15":"first","16":"instock","17":"shipping-taxable","18":"purchasable","19":"product-type-simple"},"_links":{"self":[{"href":"https:\/\/editura-unibuc.ro\/en\/wp-json\/wp\/v2\/product\/16217","targetHints":{"allow":["GET"]}}],"collection":[{"href":"https:\/\/editura-unibuc.ro\/en\/wp-json\/wp\/v2\/product"}],"about":[{"href":"https:\/\/editura-unibuc.ro\/en\/wp-json\/wp\/v2\/types\/product"}],"replies":[{"embeddable":true,"href":"https:\/\/editura-unibuc.ro\/en\/wp-json\/wp\/v2\/comments?post=16217"}],"wp:featuredmedia":[{"embeddable":true,"href":"https:\/\/editura-unibuc.ro\/en\/wp-json\/wp\/v2\/media\/16218"}],"wp:attachment":[{"href":"https:\/\/editura-unibuc.ro\/en\/wp-json\/wp\/v2\/media?parent=16217"}],"wp:term":[{"taxonomy":"product_brand","embeddable":true,"href":"https:\/\/editura-unibuc.ro\/en\/wp-json\/wp\/v2\/product_brand?post=16217"},{"taxonomy":"product_cat","embeddable":true,"href":"https:\/\/editura-unibuc.ro\/en\/wp-json\/wp\/v2\/product_cat?post=16217"},{"taxonomy":"product_tag","embeddable":true,"href":"https:\/\/editura-unibuc.ro\/en\/wp-json\/wp\/v2\/product_tag?post=16217"}],"curies":[{"name":"wp","href":"https:\/\/api.w.org\/{rel}","templated":true}]}}