{"id":16219,"date":"2016-06-28T14:39:26","date_gmt":"2016-06-28T11:39:26","guid":{"rendered":"https:\/\/editura-unibuc.ro\/?post_type=product&#038;p=16219"},"modified":"2024-04-12T10:31:20","modified_gmt":"2024-04-12T07:31:20","slug":"etudes-sur-le-xviiie-siecle-vol-5","status":"publish","type":"product","link":"https:\/\/editura-unibuc.ro\/en\/etudes-sur-le-xviiie-siecle-vol-5\/","title":{"rendered":"\u00c9TUDES SUR LE XVIIIE SIECLE, VOL. 5."},"content":{"rendered":"<p>La collection <em>\u00c9tudes sur le XVIII<sup>e<\/sup> si\u00e8cle<\/em> est une publication de la <em>Soci\u00e9t\u00e9 roumaine d&#8217;\u00e9tude du dix-huiti\u00e8me si\u00e8cle.<\/em><\/p>\n","protected":false},"excerpt":{"rendered":"<p>La collection \u00c9tudes sur le XVIIIe si\u00e8cle est une publication de la Soci\u00e9t\u00e9 roumaine d&#8217;\u00e9tude du dix-huiti\u00e8me si\u00e8cle.<\/p>\n","protected":false},"featured_media":16220,"comment_status":"open","ping_status":"closed","template":"","meta":[],"product_brand":[],"product_cat":[1464,977],"product_tag":[920,881,1168,2115,1184],"class_list":{"0":"post-16219","1":"product","2":"type-product","3":"status-publish","4":"has-post-thumbnail","6":"product_cat-filologie","7":"product_cat-limba-franceza","8":"product_tag-cultura","9":"product_tag-istorie","10":"product_tag-limba-franceza","11":"product_tag-limba-italiana","12":"product_tag-litere","14":"first","15":"instock","16":"shipping-taxable","17":"purchasable","18":"product-type-simple"},"_links":{"self":[{"href":"https:\/\/editura-unibuc.ro\/en\/wp-json\/wp\/v2\/product\/16219","targetHints":{"allow":["GET"]}}],"collection":[{"href":"https:\/\/editura-unibuc.ro\/en\/wp-json\/wp\/v2\/product"}],"about":[{"href":"https:\/\/editura-unibuc.ro\/en\/wp-json\/wp\/v2\/types\/product"}],"replies":[{"embeddable":true,"href":"https:\/\/editura-unibuc.ro\/en\/wp-json\/wp\/v2\/comments?post=16219"}],"wp:featuredmedia":[{"embeddable":true,"href":"https:\/\/editura-unibuc.ro\/en\/wp-json\/wp\/v2\/media\/16220"}],"wp:attachment":[{"href":"https:\/\/editura-unibuc.ro\/en\/wp-json\/wp\/v2\/media?parent=16219"}],"wp:term":[{"taxonomy":"product_brand","embeddable":true,"href":"https:\/\/editura-unibuc.ro\/en\/wp-json\/wp\/v2\/product_brand?post=16219"},{"taxonomy":"product_cat","embeddable":true,"href":"https:\/\/editura-unibuc.ro\/en\/wp-json\/wp\/v2\/product_cat?post=16219"},{"taxonomy":"product_tag","embeddable":true,"href":"https:\/\/editura-unibuc.ro\/en\/wp-json\/wp\/v2\/product_tag?post=16219"}],"curies":[{"name":"wp","href":"https:\/\/api.w.org\/{rel}","templated":true}]}}