{"id":16246,"date":"2016-07-01T15:55:51","date_gmt":"2016-07-01T12:55:51","guid":{"rendered":"https:\/\/editura-unibuc.ro\/?post_type=product&#038;p=16246"},"modified":"2019-10-24T10:49:42","modified_gmt":"2019-10-24T07:49:42","slug":"metaforas-evaluativas-de-aumento-y-disminucion-en-la-prensa-economica-espanola-y-rumana","status":"publish","type":"product","link":"https:\/\/editura-unibuc.ro\/en\/metaforas-evaluativas-de-aumento-y-disminucion-en-la-prensa-economica-espanola-y-rumana\/","title":{"rendered":"METAFORAS EVALUATIVAS DE AUMENTO Y DISMINUCION EN LA PRENSA ECONOMICA ESPA\u00d1OLA Y RUMANA"},"content":{"rendered":"<p>El presente trabajo tiene por objeto indagar en las met\u00e1foras conceptuales y en el aspecto de la evaluaci\u00f3n que las realizaciones ling\u00fc\u00edsticas de origen metaf\u00f3rico actualizan en el lenguaje medio especializado del \u00e1mbito econ\u00f3mico.<\/p>\n","protected":false},"excerpt":{"rendered":"<p>El presente trabajo tiene por objeto indagar en las met\u00e1foras conceptuales y en el aspecto de la evaluaci\u00f3n que las realizaciones ling\u00fc\u00edsticas de origen metaf\u00f3rico actualizan en el lenguaje medio especializado del \u00e1mbito econ\u00f3mico.<\/p>\n","protected":false},"featured_media":16247,"comment_status":"open","ping_status":"closed","template":"","meta":[],"product_brand":[],"product_cat":[1464,980],"product_tag":[2134,2133,963],"class_list":{"0":"post-16246","1":"product","2":"type-product","3":"status-publish","4":"has-post-thumbnail","6":"product_cat-filologie","7":"product_cat-limbi-romanice-clasice-si-orientale","8":"product_tag-ambito-economico","9":"product_tag-anca-pecican","10":"product_tag-espanol","12":"first","13":"outofstock","14":"shipping-taxable","15":"purchasable","16":"product-type-simple"},"_links":{"self":[{"href":"https:\/\/editura-unibuc.ro\/en\/wp-json\/wp\/v2\/product\/16246","targetHints":{"allow":["GET"]}}],"collection":[{"href":"https:\/\/editura-unibuc.ro\/en\/wp-json\/wp\/v2\/product"}],"about":[{"href":"https:\/\/editura-unibuc.ro\/en\/wp-json\/wp\/v2\/types\/product"}],"replies":[{"embeddable":true,"href":"https:\/\/editura-unibuc.ro\/en\/wp-json\/wp\/v2\/comments?post=16246"}],"wp:featuredmedia":[{"embeddable":true,"href":"https:\/\/editura-unibuc.ro\/en\/wp-json\/wp\/v2\/media\/16247"}],"wp:attachment":[{"href":"https:\/\/editura-unibuc.ro\/en\/wp-json\/wp\/v2\/media?parent=16246"}],"wp:term":[{"taxonomy":"product_brand","embeddable":true,"href":"https:\/\/editura-unibuc.ro\/en\/wp-json\/wp\/v2\/product_brand?post=16246"},{"taxonomy":"product_cat","embeddable":true,"href":"https:\/\/editura-unibuc.ro\/en\/wp-json\/wp\/v2\/product_cat?post=16246"},{"taxonomy":"product_tag","embeddable":true,"href":"https:\/\/editura-unibuc.ro\/en\/wp-json\/wp\/v2\/product_tag?post=16246"}],"curies":[{"name":"wp","href":"https:\/\/api.w.org\/{rel}","templated":true}]}}