{"id":1625,"date":"2012-09-06T12:50:55","date_gmt":"2012-09-06T09:50:55","guid":{"rendered":"https:\/\/editura-unibuc.ro\/?p=1625"},"modified":"2015-03-12T22:24:25","modified_gmt":"2015-03-12T20:24:25","slug":"lucrarile-celui-de-al-treilea-simpozion-international-de-lingvistica","status":"publish","type":"product","link":"https:\/\/editura-unibuc.ro\/en\/lucrarile-celui-de-al-treilea-simpozion-international-de-lingvistica\/","title":{"rendered":"PAPERS OF THE THIRD INTERNATIONAL LINGUISTICS SYMPOSIUM"},"content":{"rendered":"<p>Public\u0103m \u00een prezentul volum comunic\u0103rile prezentate la al III-lea Simpozion Interna\u021bional de Lingvistic\u0103 organizat la Bucure\u0219ti de Institutul de Lingvistic\u0103 \u201cIorgu Iordan \u2013 Al. Rosetti\u201d al Academiei Rom\u00e2ne \u00een zilele de 20 \u0219i 21 noiembrie 2009. Comunic\u0103rile din acest volum ilustreaz\u0103 o gam\u0103 larg\u0103 de preocup\u0103ri \u0219i de teme abordate \u00een perspectiv\u0103 at\u00e2t descriptiv\u0103 c\u00e2t \u0219i istoric\u0103. (Editorii)<\/p>\n","protected":false},"excerpt":{"rendered":"<p>Public\u0103m \u00een prezentul volum comunic\u0103rile prezentate la al III-lea Simpozion Interna\u021bional de Lingvistic\u0103 organizat la Bucure\u0219ti de Institutul de Lingvistic\u0103 \u201cIorgu Iordan \u2013 Al. Rosetti\u201d al Academiei Rom\u00e2ne \u00een zilele de 20 \u0219i 21 noiembrie 2009. Comunic\u0103rile din acest volum ilustreaz\u0103 o gam\u0103 larg\u0103 de preocup\u0103ri \u0219i de teme abordate \u00een perspectiv\u0103 at\u00e2t descriptiv\u0103 c\u00e2t [&hellip;]<\/p>\n","protected":false},"featured_media":11129,"comment_status":"open","ping_status":"closed","template":"","meta":[],"product_brand":[],"product_cat":[1464,979],"product_tag":[895],"class_list":{"0":"post-1625","1":"product","2":"type-product","3":"status-publish","4":"has-post-thumbnail","6":"product_cat-filologie","7":"product_cat-limba-romana","8":"product_tag-lingvistica","10":"first","11":"instock","12":"shipping-taxable","13":"purchasable","14":"product-type-simple"},"_links":{"self":[{"href":"https:\/\/editura-unibuc.ro\/en\/wp-json\/wp\/v2\/product\/1625","targetHints":{"allow":["GET"]}}],"collection":[{"href":"https:\/\/editura-unibuc.ro\/en\/wp-json\/wp\/v2\/product"}],"about":[{"href":"https:\/\/editura-unibuc.ro\/en\/wp-json\/wp\/v2\/types\/product"}],"replies":[{"embeddable":true,"href":"https:\/\/editura-unibuc.ro\/en\/wp-json\/wp\/v2\/comments?post=1625"}],"wp:featuredmedia":[{"embeddable":true,"href":"https:\/\/editura-unibuc.ro\/en\/wp-json\/wp\/v2\/media\/11129"}],"wp:attachment":[{"href":"https:\/\/editura-unibuc.ro\/en\/wp-json\/wp\/v2\/media?parent=1625"}],"wp:term":[{"taxonomy":"product_brand","embeddable":true,"href":"https:\/\/editura-unibuc.ro\/en\/wp-json\/wp\/v2\/product_brand?post=1625"},{"taxonomy":"product_cat","embeddable":true,"href":"https:\/\/editura-unibuc.ro\/en\/wp-json\/wp\/v2\/product_cat?post=1625"},{"taxonomy":"product_tag","embeddable":true,"href":"https:\/\/editura-unibuc.ro\/en\/wp-json\/wp\/v2\/product_tag?post=1625"}],"curies":[{"name":"wp","href":"https:\/\/api.w.org\/{rel}","templated":true}]}}