{"id":16256,"date":"2016-07-01T23:38:33","date_gmt":"2016-07-01T20:38:33","guid":{"rendered":"https:\/\/editura-unibuc.ro\/?post_type=product&#038;p=16256"},"modified":"2025-07-17T10:52:42","modified_gmt":"2025-07-17T07:52:42","slug":"semiotica-discursului-religios-probleme-de-poetica-stilistica-si-retorica","status":"publish","type":"product","link":"https:\/\/editura-unibuc.ro\/en\/semiotica-discursului-religios-probleme-de-poetica-stilistica-si-retorica\/","title":{"rendered":"SEMIOTICA DISCURSULUI RELIGIOS. PROBLEME DE POETIC\u0102, STILISTIC\u0102 \u015eI RETORIC\u0102"},"content":{"rendered":"<p>Lucrarea de fa\u0163\u0103 se situeaz\u0103 \u00een continuitatea preocup\u0103rilor autoarei consacrate problematicii limbajului bisericesc (actual), \u00een spe\u0163\u0103 analizei raportului dintre tradi\u0163ie \u015fi inova\u0163ie \/ modernitate, identificabil \u00een cadrul discursiv bisericesc.<\/p>\n","protected":false},"excerpt":{"rendered":"<p>Lucrarea de fa\u0163\u0103 se situeaz\u0103 \u00een continuitatea preocup\u0103rilor autoarei consacrate problematicii limbajului bisericesc (actual), \u00een spe\u0163\u0103 analizei raportului dintre tradi\u0163ie \u015fi inova\u0163ie \/ modernitate, identificabil \u00een cadrul discursiv bisericesc.<\/p>\n","protected":false},"featured_media":16257,"comment_status":"open","ping_status":"closed","template":"","meta":[],"product_brand":[],"product_cat":[1464,979],"product_tag":[1202,2141,2143,2142,919,2091,1193],"class_list":{"0":"post-16256","1":"product","2":"type-product","3":"status-publish","4":"has-post-thumbnail","6":"product_cat-filologie","7":"product_cat-limba-romana","8":"product_tag-comunicare","9":"product_tag-dana-luminita-teleoaca","10":"product_tag-discurs-religios","11":"product_tag-limbaj-bisericesc","12":"product_tag-literatura","13":"product_tag-retorica","14":"product_tag-semiotica","16":"first","17":"instock","18":"shipping-taxable","19":"purchasable","20":"product-type-simple"},"_links":{"self":[{"href":"https:\/\/editura-unibuc.ro\/en\/wp-json\/wp\/v2\/product\/16256","targetHints":{"allow":["GET"]}}],"collection":[{"href":"https:\/\/editura-unibuc.ro\/en\/wp-json\/wp\/v2\/product"}],"about":[{"href":"https:\/\/editura-unibuc.ro\/en\/wp-json\/wp\/v2\/types\/product"}],"replies":[{"embeddable":true,"href":"https:\/\/editura-unibuc.ro\/en\/wp-json\/wp\/v2\/comments?post=16256"}],"wp:featuredmedia":[{"embeddable":true,"href":"https:\/\/editura-unibuc.ro\/en\/wp-json\/wp\/v2\/media\/16257"}],"wp:attachment":[{"href":"https:\/\/editura-unibuc.ro\/en\/wp-json\/wp\/v2\/media?parent=16256"}],"wp:term":[{"taxonomy":"product_brand","embeddable":true,"href":"https:\/\/editura-unibuc.ro\/en\/wp-json\/wp\/v2\/product_brand?post=16256"},{"taxonomy":"product_cat","embeddable":true,"href":"https:\/\/editura-unibuc.ro\/en\/wp-json\/wp\/v2\/product_cat?post=16256"},{"taxonomy":"product_tag","embeddable":true,"href":"https:\/\/editura-unibuc.ro\/en\/wp-json\/wp\/v2\/product_tag?post=16256"}],"curies":[{"name":"wp","href":"https:\/\/api.w.org\/{rel}","templated":true}]}}