{"id":16258,"date":"2016-07-01T23:41:37","date_gmt":"2016-07-01T20:41:37","guid":{"rendered":"https:\/\/editura-unibuc.ro\/?post_type=product&#038;p=16258"},"modified":"2025-08-28T12:26:47","modified_gmt":"2025-08-28T09:26:47","slug":"variatie-si-unitate-in-limba-romana-standard-din-basarabia","status":"publish","type":"product","link":"https:\/\/editura-unibuc.ro\/en\/variatie-si-unitate-in-limba-romana-standard-din-basarabia\/","title":{"rendered":"VARIATIE \u015eI UNITATE \u00ceN LIMBA ROM\u00c2N\u0102 STANDARD DIN BASARABIA"},"content":{"rendered":"<p>Prin numeroasele probleme investigate, direct sau subiacent (varia\u0163ie lingvistic\u0103, limbi \u00een contact, context istoric \u015fi context socio-cultural special \u00een care limba rom\u00e2n\u0103 din Basarabia a fost obligat\u0103 s\u0103 existe \u015fi s\u0103 se dezvolte, politici lingvistice, modalit\u0103\u0163i practice de recuperare a decalajelor etc.), interesul acestei lucr\u0103ri dep\u0103\u015fe\u015fte cu mult cadrul filologic strict. <\/p>\n","protected":false},"excerpt":{"rendered":"<p>Prin numeroasele probleme investigate, direct sau subiacent (varia\u0163ie lingvistic\u0103, limbi \u00een contact, context istoric \u015fi context socio-cultural special \u00een care limba rom\u00e2n\u0103 din Basarabia a fost obligat\u0103 s\u0103 existe \u015fi s\u0103 se dezvolte, politici lingvistice, modalit\u0103\u0163i practice de recuperare a decalajelor etc.), interesul acestei lucr\u0103ri dep\u0103\u015fe\u015fte cu mult cadrul filologic strict.<\/p>\n","protected":false},"featured_media":16259,"comment_status":"open","ping_status":"closed","template":"","meta":[],"product_brand":[],"product_cat":[1464,979],"product_tag":[2147,2145,2146,1044,2144],"class_list":{"0":"post-16258","1":"product","2":"type-product","3":"status-publish","4":"has-post-thumbnail","6":"product_cat-filologie","7":"product_cat-limba-romana","8":"product_tag-ariadna-stefanescu","9":"product_tag-aspecte-gramaticale","10":"product_tag-basarabia","11":"product_tag-filologie","12":"product_tag-variatia-lingvistica-a-limbii-romane","14":"first","15":"instock","16":"shipping-taxable","17":"purchasable","18":"product-type-simple"},"_links":{"self":[{"href":"https:\/\/editura-unibuc.ro\/en\/wp-json\/wp\/v2\/product\/16258","targetHints":{"allow":["GET"]}}],"collection":[{"href":"https:\/\/editura-unibuc.ro\/en\/wp-json\/wp\/v2\/product"}],"about":[{"href":"https:\/\/editura-unibuc.ro\/en\/wp-json\/wp\/v2\/types\/product"}],"replies":[{"embeddable":true,"href":"https:\/\/editura-unibuc.ro\/en\/wp-json\/wp\/v2\/comments?post=16258"}],"wp:featuredmedia":[{"embeddable":true,"href":"https:\/\/editura-unibuc.ro\/en\/wp-json\/wp\/v2\/media\/16259"}],"wp:attachment":[{"href":"https:\/\/editura-unibuc.ro\/en\/wp-json\/wp\/v2\/media?parent=16258"}],"wp:term":[{"taxonomy":"product_brand","embeddable":true,"href":"https:\/\/editura-unibuc.ro\/en\/wp-json\/wp\/v2\/product_brand?post=16258"},{"taxonomy":"product_cat","embeddable":true,"href":"https:\/\/editura-unibuc.ro\/en\/wp-json\/wp\/v2\/product_cat?post=16258"},{"taxonomy":"product_tag","embeddable":true,"href":"https:\/\/editura-unibuc.ro\/en\/wp-json\/wp\/v2\/product_tag?post=16258"}],"curies":[{"name":"wp","href":"https:\/\/api.w.org\/{rel}","templated":true}]}}