{"id":1629,"date":"2012-09-06T13:00:03","date_gmt":"2012-09-06T10:00:03","guid":{"rendered":"https:\/\/editura-unibuc.ro\/?p=1629"},"modified":"2019-10-29T14:37:22","modified_gmt":"2019-10-29T12:37:22","slug":"glosar-de-termeni-romanesti-din-documente-latino-romane-secolele-xiii-xvi-colectia-lci-limbi-culturi-identitati","status":"publish","type":"product","link":"https:\/\/editura-unibuc.ro\/en\/glosar-de-termeni-romanesti-din-documente-latino-romane-secolele-xiii-xvi-colectia-lci-limbi-culturi-identitati\/","title":{"rendered":"GLOSSARY OF ROMANIAN WORDS FROM LATIN \u2013 ROMANIAN DOCUMENTS. 13TH \u2013 16TH CENTURIES"},"content":{"rendered":"<p>Excelent\u0103 cunosc\u0103toare a latinei medievale \u0219i de cancelarie, a neolatinei \u0219i a paleografiei latine, domenii asupra c\u0103rora se apleac\u0103 rodnic, cu mare acribie, de mult\u0103 vreme, o rara avis a filologiei rom\u00e2ne\u0219ti, Ana Cristina Halichias s-a hot\u0103r\u00e2t s\u0103 ofere luminii tiparului o mic\u0103 parte a rezultatelor cercet\u0103rii sale adunate de-a lungul anilor. Cu Glosarul de termeni rom\u00e2ne\u0219ti din documente latino-rom\u00e2ne (secolele XIII-XVI) ne afl\u0103m \u00een fa\u021ba unei lucr\u0103ri inedite, de mare complexitate \u0219i utilitate, dat\u0103 fiind mul\u021bimea categoriilor de studio\u0219i c\u0103rora li se adreseaz\u0103. Sim\u021bim a\u0219adar nevoia de a saluta cu bucurie \u0219i respect filologic apari\u021bia acestei c\u0103r\u021bi, care nu trebuie judecat\u0103 dup\u0103 \u00eentindere sau grosime, ci dup\u0103 greutatea datelor pe care le con\u021bine. (Prof. univ. dr. Florica Bechet)<\/p>","protected":false},"excerpt":{"rendered":"<p>Excelent\u0103 cunosc\u0103toare a latinei medievale \u0219i de cancelarie, a neolatinei \u0219i a paleografiei latine, domenii asupra c\u0103rora se apleac\u0103 rodnic, cu mare acribie, de mult\u0103 vreme, o rara avis a filologiei rom\u00e2ne\u0219ti, Ana Cristina Halichias s-a hot\u0103r\u00e2t s\u0103 ofere luminii tiparului o mic\u0103 parte a rezultatelor cercet\u0103rii sale adunate de-a lungul anilor. Cu Glosarul de [&hellip;]<\/p>\n","protected":false},"featured_media":11127,"comment_status":"open","ping_status":"closed","template":"","meta":[],"product_brand":[],"product_cat":[856],"product_tag":[941,925,950],"class_list":{"0":"post-1629","1":"product","2":"type-product","3":"status-publish","4":"has-post-thumbnail","6":"product_cat-colectia-lci-limbi-culturi-identitati","7":"product_tag-latina","8":"product_tag-romana","9":"product_tag-termeni","11":"first","12":"instock","13":"shipping-taxable","14":"purchasable","15":"product-type-simple"},"_links":{"self":[{"href":"https:\/\/editura-unibuc.ro\/en\/wp-json\/wp\/v2\/product\/1629","targetHints":{"allow":["GET"]}}],"collection":[{"href":"https:\/\/editura-unibuc.ro\/en\/wp-json\/wp\/v2\/product"}],"about":[{"href":"https:\/\/editura-unibuc.ro\/en\/wp-json\/wp\/v2\/types\/product"}],"replies":[{"embeddable":true,"href":"https:\/\/editura-unibuc.ro\/en\/wp-json\/wp\/v2\/comments?post=1629"}],"wp:featuredmedia":[{"embeddable":true,"href":"https:\/\/editura-unibuc.ro\/en\/wp-json\/wp\/v2\/media\/11127"}],"wp:attachment":[{"href":"https:\/\/editura-unibuc.ro\/en\/wp-json\/wp\/v2\/media?parent=1629"}],"wp:term":[{"taxonomy":"product_brand","embeddable":true,"href":"https:\/\/editura-unibuc.ro\/en\/wp-json\/wp\/v2\/product_brand?post=1629"},{"taxonomy":"product_cat","embeddable":true,"href":"https:\/\/editura-unibuc.ro\/en\/wp-json\/wp\/v2\/product_cat?post=1629"},{"taxonomy":"product_tag","embeddable":true,"href":"https:\/\/editura-unibuc.ro\/en\/wp-json\/wp\/v2\/product_tag?post=1629"}],"curies":[{"name":"wp","href":"https:\/\/api.w.org\/{rel}","templated":true}]}}