{"id":16290,"date":"2016-07-11T19:30:07","date_gmt":"2016-07-11T16:30:07","guid":{"rendered":"https:\/\/editura-unibuc.ro\/?post_type=product&#038;p=16290"},"modified":"2019-07-18T13:19:07","modified_gmt":"2019-07-18T10:19:07","slug":"catalogul-manuscriselor-romanesti-din-arhivele-nationale-ale-romaniei-vol-i-ms-1-250","status":"publish","type":"product","link":"https:\/\/editura-unibuc.ro\/en\/catalogul-manuscriselor-romanesti-din-arhivele-nationale-ale-romaniei-vol-i-ms-1-250\/","title":{"rendered":"Catalogul manuscriselor rom\u00e2ne\u015fti din Arhivele Na\u0163ionale ale Rom\u00e2niei. Vol. I (Ms. 1-250)"},"content":{"rendered":"<p>Lucrarea de fa\u0163\u0103, un instrument de cercetare \u015ftiin\u0163ific\u0103 de mult\u0103 vreme a\u015fteptat de c\u0103tre arhivi\u015fti, istorici, lingvi\u015fti \u015fi teologi, este un catalog de o importan\u0163\u0103 deosebit\u0103, at\u00e2t prin sistematizarea dup\u0103 cele mai \u015ftiin\u0163ifice norme bibliografice ce incumb\u0103 catalogarea manuscriselor, c\u00e2t \u015fi prin bog\u0103\u0163ia informa\u0163iilor care \u00eenso\u0163esc  fiecare manuscris \u00een parte.<\/p>\n","protected":false},"excerpt":{"rendered":"<p>Lucrarea de fa\u0163\u0103, un instrument de cercetare \u015ftiin\u0163ific\u0103 de mult\u0103 vreme a\u015fteptat de c\u0103tre arhivi\u015fti, istorici, lingvi\u015fti \u015fi teologi, este un catalog de o importan\u0163\u0103 deosebit\u0103, at\u00e2t prin sistematizarea dup\u0103 cele mai \u015ftiin\u0163ifice norme bibliografice ce incumb\u0103 catalogarea manuscriselor, c\u00e2t \u015fi prin bog\u0103\u0163ia informa\u0163iilor care \u00eenso\u0163esc fiecare manuscris \u00een parte.<\/p>\n","protected":false},"featured_media":16291,"comment_status":"open","ping_status":"closed","template":"","meta":[],"product_brand":[],"product_cat":[1464,979],"product_tag":[2149,2150,1044,2148],"class_list":{"0":"post-16290","1":"product","2":"type-product","3":"status-publish","4":"has-post-thumbnail","6":"product_cat-filologie","7":"product_cat-limba-romana","8":"product_tag-arhivele-nationale-ale-romaniei","9":"product_tag-dragos-sesan","10":"product_tag-filologie","11":"product_tag-manuscrise-romanesti","13":"first","14":"instock","15":"shipping-taxable","16":"purchasable","17":"product-type-simple"},"_links":{"self":[{"href":"https:\/\/editura-unibuc.ro\/en\/wp-json\/wp\/v2\/product\/16290","targetHints":{"allow":["GET"]}}],"collection":[{"href":"https:\/\/editura-unibuc.ro\/en\/wp-json\/wp\/v2\/product"}],"about":[{"href":"https:\/\/editura-unibuc.ro\/en\/wp-json\/wp\/v2\/types\/product"}],"replies":[{"embeddable":true,"href":"https:\/\/editura-unibuc.ro\/en\/wp-json\/wp\/v2\/comments?post=16290"}],"wp:featuredmedia":[{"embeddable":true,"href":"https:\/\/editura-unibuc.ro\/en\/wp-json\/wp\/v2\/media\/16291"}],"wp:attachment":[{"href":"https:\/\/editura-unibuc.ro\/en\/wp-json\/wp\/v2\/media?parent=16290"}],"wp:term":[{"taxonomy":"product_brand","embeddable":true,"href":"https:\/\/editura-unibuc.ro\/en\/wp-json\/wp\/v2\/product_brand?post=16290"},{"taxonomy":"product_cat","embeddable":true,"href":"https:\/\/editura-unibuc.ro\/en\/wp-json\/wp\/v2\/product_cat?post=16290"},{"taxonomy":"product_tag","embeddable":true,"href":"https:\/\/editura-unibuc.ro\/en\/wp-json\/wp\/v2\/product_tag?post=16290"}],"curies":[{"name":"wp","href":"https:\/\/api.w.org\/{rel}","templated":true}]}}