{"id":16294,"date":"2016-07-11T19:34:39","date_gmt":"2016-07-11T16:34:39","guid":{"rendered":"https:\/\/editura-unibuc.ro\/?post_type=product&#038;p=16294"},"modified":"2016-07-12T14:10:00","modified_gmt":"2016-07-12T11:10:00","slug":"dramaturgia-suedeza-contemporana-de-la-text-la-spectacol","status":"publish","type":"product","link":"https:\/\/editura-unibuc.ro\/en\/dramaturgia-suedeza-contemporana-de-la-text-la-spectacol\/","title":{"rendered":"DRAMATURGIA SUEDEZ\u0102 CONTEMPORAN\u0102. DE LA TEXT LA SPECTACOL"},"content":{"rendered":"<p>Autoarea reu\u015fe\u015fte s\u0103 abordeze tematica teatrului suedez din dubl\u0103 perspectiv\u0103, exploat\u00e2nd at\u00e2t aspectul filologic, c\u00e2t \u015fi cel dramaturgic \u015fi regizoral.<\/p>\n","protected":false},"excerpt":{"rendered":"<p>Autoarea reu\u015fe\u015fte s\u0103 abordeze tematica teatrului suedez din dubl\u0103 perspectiv\u0103, exploat\u00e2nd at\u00e2t aspectul filologic, c\u00e2t \u015fi cel dramaturgic \u015fi regizoral.<\/p>\n","protected":false},"featured_media":16295,"comment_status":"open","ping_status":"closed","template":"","meta":[],"product_brand":[],"product_cat":[1464,978],"product_tag":[2156,2155,1044,1339],"class_list":{"0":"post-16294","1":"product","2":"type-product","3":"status-publish","4":"has-post-thumbnail","6":"product_cat-filologie","7":"product_cat-germanic-languages","8":"product_tag-carmen-vioreanu","9":"product_tag-dramaturgie-suedeza","10":"product_tag-filologie","11":"product_tag-teatru","13":"first","14":"instock","15":"shipping-taxable","16":"purchasable","17":"product-type-simple"},"_links":{"self":[{"href":"https:\/\/editura-unibuc.ro\/en\/wp-json\/wp\/v2\/product\/16294","targetHints":{"allow":["GET"]}}],"collection":[{"href":"https:\/\/editura-unibuc.ro\/en\/wp-json\/wp\/v2\/product"}],"about":[{"href":"https:\/\/editura-unibuc.ro\/en\/wp-json\/wp\/v2\/types\/product"}],"replies":[{"embeddable":true,"href":"https:\/\/editura-unibuc.ro\/en\/wp-json\/wp\/v2\/comments?post=16294"}],"wp:featuredmedia":[{"embeddable":true,"href":"https:\/\/editura-unibuc.ro\/en\/wp-json\/wp\/v2\/media\/16295"}],"wp:attachment":[{"href":"https:\/\/editura-unibuc.ro\/en\/wp-json\/wp\/v2\/media?parent=16294"}],"wp:term":[{"taxonomy":"product_brand","embeddable":true,"href":"https:\/\/editura-unibuc.ro\/en\/wp-json\/wp\/v2\/product_brand?post=16294"},{"taxonomy":"product_cat","embeddable":true,"href":"https:\/\/editura-unibuc.ro\/en\/wp-json\/wp\/v2\/product_cat?post=16294"},{"taxonomy":"product_tag","embeddable":true,"href":"https:\/\/editura-unibuc.ro\/en\/wp-json\/wp\/v2\/product_tag?post=16294"}],"curies":[{"name":"wp","href":"https:\/\/api.w.org\/{rel}","templated":true}]}}