{"id":16296,"date":"2016-07-11T19:36:16","date_gmt":"2016-07-11T16:36:16","guid":{"rendered":"https:\/\/editura-unibuc.ro\/?post_type=product&#038;p=16296"},"modified":"2019-10-28T13:39:19","modified_gmt":"2019-10-28T11:39:19","slug":"tehnici-de-biologie-moleculara","status":"publish","type":"product","link":"https:\/\/editura-unibuc.ro\/en\/tehnici-de-biologie-moleculara\/","title":{"rendered":"TEHNICI DE BIOLOGIE MOLECULAR\u0102"},"content":{"rendered":"<p>\u00cen volumul de fa\u021b\u0103 sunt prezentate:<br \/>\n&#8211; metode de izolare \u015fi analiz\u0103 a acizilor nucleici;<br \/>\n&#8211; metode de clonare molecular\u0103;<br \/>\n&#8211; tehnici de hibridizare molecular\u0103;<br \/>\n&#8211; tehnici de amplificare in vitro a secven\u0163elor de acizi nucleici;<br \/>\n&#8211; metode de secven\u0163ializare a acizilor nucleici;<br \/>\n&#8211; aplica\u0163ii practice ale tehnicilor de biologie molecular\u0103.<br \/>\nConsider\u0103m c\u0103 informa\u021biile prezentate vor fi extrem de utile speciali\u0219tilor din domeniul biochimiei, geneticii \u0219i biologiei moleculare<br \/>\n<\/p>","protected":false},"excerpt":{"rendered":"<p>\u00cen volumul de fa\u021b\u0103 sunt prezentate: &#8211; metode de izolare \u015fi analiz\u0103 a acizilor nucleici; &#8211; metode de clonare molecular\u0103; &#8211; tehnici de hibridizare molecular\u0103; &#8211; tehnici de amplificare in vitro a secven\u0163elor de acizi nucleici; &#8211; metode de secven\u0163ializare a acizilor nucleici; &#8211; aplica\u0163ii practice ale tehnicilor de biologie molecular\u0103. Consider\u0103m c\u0103 informa\u021biile prezentate [&hellip;]<\/p>\n","protected":false},"featured_media":16297,"comment_status":"open","ping_status":"closed","template":"","meta":[],"product_brand":[],"product_cat":[1466,988],"product_tag":[2159,913,2157,1065,2160,2158],"class_list":{"0":"post-16296","1":"product","2":"type-product","3":"status-publish","4":"has-post-thumbnail","6":"product_cat-stiinte-ale-naturii","7":"product_cat-biologie","8":"product_tag-andreea-dudu","9":"product_tag-biochimie","10":"product_tag-biologie-moleculara","11":"product_tag-genetica","12":"product_tag-marieta-costache","13":"product_tag-sergiu-emil-georgescu","15":"first","16":"outofstock","17":"shipping-taxable","18":"purchasable","19":"product-type-simple"},"_links":{"self":[{"href":"https:\/\/editura-unibuc.ro\/en\/wp-json\/wp\/v2\/product\/16296","targetHints":{"allow":["GET"]}}],"collection":[{"href":"https:\/\/editura-unibuc.ro\/en\/wp-json\/wp\/v2\/product"}],"about":[{"href":"https:\/\/editura-unibuc.ro\/en\/wp-json\/wp\/v2\/types\/product"}],"replies":[{"embeddable":true,"href":"https:\/\/editura-unibuc.ro\/en\/wp-json\/wp\/v2\/comments?post=16296"}],"wp:featuredmedia":[{"embeddable":true,"href":"https:\/\/editura-unibuc.ro\/en\/wp-json\/wp\/v2\/media\/16297"}],"wp:attachment":[{"href":"https:\/\/editura-unibuc.ro\/en\/wp-json\/wp\/v2\/media?parent=16296"}],"wp:term":[{"taxonomy":"product_brand","embeddable":true,"href":"https:\/\/editura-unibuc.ro\/en\/wp-json\/wp\/v2\/product_brand?post=16296"},{"taxonomy":"product_cat","embeddable":true,"href":"https:\/\/editura-unibuc.ro\/en\/wp-json\/wp\/v2\/product_cat?post=16296"},{"taxonomy":"product_tag","embeddable":true,"href":"https:\/\/editura-unibuc.ro\/en\/wp-json\/wp\/v2\/product_tag?post=16296"}],"curies":[{"name":"wp","href":"https:\/\/api.w.org\/{rel}","templated":true}]}}