{"id":16300,"date":"2016-07-11T19:40:00","date_gmt":"2016-07-11T16:40:00","guid":{"rendered":"https:\/\/editura-unibuc.ro\/?post_type=product&#038;p=16300"},"modified":"2026-04-03T12:07:26","modified_gmt":"2026-04-03T09:07:26","slug":"el-rumano-hablado-en-espana","status":"publish","type":"product","link":"https:\/\/editura-unibuc.ro\/en\/el-rumano-hablado-en-espana\/","title":{"rendered":"EL RUMANO HABLADO EN ESPA\u00d1A"},"content":{"rendered":"<p>El presente trabajo es un an\u00e1lisis socioling\u00fc\u00edstico de la manera de hablar de los inmigrantes rumanos que viven en Espa\u00f1a, que tiene un pronunciado enfoque cuantitativo y se propone relevar las caracter\u00edsticas fundamentales del habla de dichos inmigrantes, intentando aclarar, a la vez, si se trata de un nuevo c\u00f3digo ling\u00fc\u00edstico, el as\u00ed llamado <em>ruma\u00f1ol<\/em>, y si esta variedad se aleja o no de la norma del rumano est\u00e1ndar. <\/p>\n","protected":false},"excerpt":{"rendered":"<p>El presente trabajo es un an\u00e1lisis socioling\u00fc\u00edstico de la manera de hablar de los inmigrantes rumanos que viven en Espa\u00f1a, que tiene un pronunciado enfoque cuantitativo y se propone relevar las caracter\u00edsticas fundamentales del habla de dichos inmigrantes, intentando aclarar, a la vez, si se trata de un nuevo c\u00f3digo ling\u00fc\u00edstico, el as\u00ed llamado ruma\u00f1ol, [&hellip;]<\/p>\n","protected":false},"featured_media":16301,"comment_status":"open","ping_status":"closed","template":"","meta":[],"product_brand":[],"product_cat":[1531,858,1464,980],"product_tag":[2162,2164,2161,873,2163],"class_list":{"0":"post-16300","1":"product","2":"type-product","3":"status-publish","4":"has-post-thumbnail","6":"product_cat-colectii","7":"product_cat-colectia-romanica","8":"product_cat-filologie","9":"product_cat-limbi-romanice-clasice-si-orientale","10":"product_tag-2162","11":"product_tag-espana","12":"product_tag-paul-buzila","13":"product_tag-romanica","14":"product_tag-rumano","16":"first","17":"instock","18":"shipping-taxable","19":"purchasable","20":"product-type-simple"},"_links":{"self":[{"href":"https:\/\/editura-unibuc.ro\/en\/wp-json\/wp\/v2\/product\/16300","targetHints":{"allow":["GET"]}}],"collection":[{"href":"https:\/\/editura-unibuc.ro\/en\/wp-json\/wp\/v2\/product"}],"about":[{"href":"https:\/\/editura-unibuc.ro\/en\/wp-json\/wp\/v2\/types\/product"}],"replies":[{"embeddable":true,"href":"https:\/\/editura-unibuc.ro\/en\/wp-json\/wp\/v2\/comments?post=16300"}],"wp:featuredmedia":[{"embeddable":true,"href":"https:\/\/editura-unibuc.ro\/en\/wp-json\/wp\/v2\/media\/16301"}],"wp:attachment":[{"href":"https:\/\/editura-unibuc.ro\/en\/wp-json\/wp\/v2\/media?parent=16300"}],"wp:term":[{"taxonomy":"product_brand","embeddable":true,"href":"https:\/\/editura-unibuc.ro\/en\/wp-json\/wp\/v2\/product_brand?post=16300"},{"taxonomy":"product_cat","embeddable":true,"href":"https:\/\/editura-unibuc.ro\/en\/wp-json\/wp\/v2\/product_cat?post=16300"},{"taxonomy":"product_tag","embeddable":true,"href":"https:\/\/editura-unibuc.ro\/en\/wp-json\/wp\/v2\/product_tag?post=16300"}],"curies":[{"name":"wp","href":"https:\/\/api.w.org\/{rel}","templated":true}]}}