{"id":16302,"date":"2016-07-11T19:43:07","date_gmt":"2016-07-11T16:43:07","guid":{"rendered":"https:\/\/editura-unibuc.ro\/?post_type=product&#038;p=16302"},"modified":"2024-03-11T14:08:55","modified_gmt":"2024-03-11T12:08:55","slug":"romano-arabica-xvi-modalities-in-arabic-2016","status":"publish","type":"product","link":"https:\/\/editura-unibuc.ro\/en\/romano-arabica-xvi-modalities-in-arabic-2016\/","title":{"rendered":"Romano-Arabica XVI, Modalities in Arabic, 2016"},"content":{"rendered":"<p>Revist\u0103 publicat\u0103 sub egida Universit\u0103\u0163ii din Bucure\u015fti \u015fi a Center for Arab Studies<\/p>\n","protected":false},"excerpt":{"rendered":"<p>Revist\u0103 publicat\u0103 sub egida Universit\u0103\u0163ii din Bucure\u015fti \u015fi a Center for Arab Studies<\/p>\n","protected":false},"featured_media":16303,"comment_status":"open","ping_status":"closed","template":"","meta":[],"product_brand":[],"product_cat":[3962,1464,980,1469,1893],"product_tag":[2177,2178],"class_list":{"0":"post-16302","1":"product","2":"type-product","3":"status-publish","4":"has-post-thumbnail","6":"product_cat-romano-arabica","7":"product_cat-filologie","8":"product_cat-limbi-romanice-clasice-si-orientale","9":"product_cat-periodice","10":"product_cat-reviste-academice","11":"product_tag-arabic-language","12":"product_tag-modalities-in-arabic","14":"first","15":"outofstock","16":"shipping-taxable","17":"purchasable","18":"product-type-simple"},"_links":{"self":[{"href":"https:\/\/editura-unibuc.ro\/en\/wp-json\/wp\/v2\/product\/16302","targetHints":{"allow":["GET"]}}],"collection":[{"href":"https:\/\/editura-unibuc.ro\/en\/wp-json\/wp\/v2\/product"}],"about":[{"href":"https:\/\/editura-unibuc.ro\/en\/wp-json\/wp\/v2\/types\/product"}],"replies":[{"embeddable":true,"href":"https:\/\/editura-unibuc.ro\/en\/wp-json\/wp\/v2\/comments?post=16302"}],"wp:featuredmedia":[{"embeddable":true,"href":"https:\/\/editura-unibuc.ro\/en\/wp-json\/wp\/v2\/media\/16303"}],"wp:attachment":[{"href":"https:\/\/editura-unibuc.ro\/en\/wp-json\/wp\/v2\/media?parent=16302"}],"wp:term":[{"taxonomy":"product_brand","embeddable":true,"href":"https:\/\/editura-unibuc.ro\/en\/wp-json\/wp\/v2\/product_brand?post=16302"},{"taxonomy":"product_cat","embeddable":true,"href":"https:\/\/editura-unibuc.ro\/en\/wp-json\/wp\/v2\/product_cat?post=16302"},{"taxonomy":"product_tag","embeddable":true,"href":"https:\/\/editura-unibuc.ro\/en\/wp-json\/wp\/v2\/product_tag?post=16302"}],"curies":[{"name":"wp","href":"https:\/\/api.w.org\/{rel}","templated":true}]}}