{"id":16304,"date":"2016-07-11T19:44:35","date_gmt":"2016-07-11T16:44:35","guid":{"rendered":"https:\/\/editura-unibuc.ro\/?post_type=product&#038;p=16304"},"modified":"2018-11-07T23:26:03","modified_gmt":"2018-11-07T21:26:03","slug":"stiinta-si-comunicare-de-la-popularizare-la-comunicarea-publica-a-stiintei","status":"publish","type":"product","link":"https:\/\/editura-unibuc.ro\/en\/stiinta-si-comunicare-de-la-popularizare-la-comunicarea-publica-a-stiintei\/","title":{"rendered":"\u015eTIIN\u0162\u0102 \u015eI COMUNICARE. DE LA POPULARIZARE LA COMUNICAREA PUBLIC\u0102 A \u015eTIIN\u0162EI"},"content":{"rendered":"<p>Miza c\u0103r\u0163ii de fa\u0163\u0103 o constituie limpezirea raporturilor dintre ceea ce se nume\u015fte \u00een mod curent popularizarea \u015ftiin\u0163ei, \u015fi comunicarea \u015ftiin\u0163ei sau cobor\u00e2rea sa \u00een spa\u0163iul public, prin \u201cpopular culture\u201d \u015fi instrumentele sale, pe de alta.<\/p>\n","protected":false},"excerpt":{"rendered":"<p>Miza c\u0103r\u0163ii de fa\u0163\u0103 o constituie limpezirea raporturilor dintre ceea ce se nume\u015fte \u00een mod curent popularizarea \u015ftiin\u0163ei, \u015fi comunicarea \u015ftiin\u0163ei sau cobor\u00e2rea sa \u00een spa\u0163iul public, prin \u201cpopular culture\u201d \u015fi instrumentele sale, pe de alta.<\/p>\n","protected":false},"featured_media":16305,"comment_status":"open","ping_status":"closed","template":"","meta":[],"product_brand":[],"product_cat":[991,996],"product_tag":[2180,1100,2181,2179],"class_list":{"0":"post-16304","1":"product","2":"type-product","3":"status-publish","4":"has-post-thumbnail","6":"product_cat-stiinte-sociale","7":"product_cat-jurnalism-si-stiintele-comunicarii","8":"product_tag-comunicarea-stiintei","9":"product_tag-jurnalism","10":"product_tag-popular-culture","11":"product_tag-popularizarea-stiintei","13":"first","14":"instock","15":"shipping-taxable","16":"purchasable","17":"product-type-simple"},"_links":{"self":[{"href":"https:\/\/editura-unibuc.ro\/en\/wp-json\/wp\/v2\/product\/16304","targetHints":{"allow":["GET"]}}],"collection":[{"href":"https:\/\/editura-unibuc.ro\/en\/wp-json\/wp\/v2\/product"}],"about":[{"href":"https:\/\/editura-unibuc.ro\/en\/wp-json\/wp\/v2\/types\/product"}],"replies":[{"embeddable":true,"href":"https:\/\/editura-unibuc.ro\/en\/wp-json\/wp\/v2\/comments?post=16304"}],"wp:featuredmedia":[{"embeddable":true,"href":"https:\/\/editura-unibuc.ro\/en\/wp-json\/wp\/v2\/media\/16305"}],"wp:attachment":[{"href":"https:\/\/editura-unibuc.ro\/en\/wp-json\/wp\/v2\/media?parent=16304"}],"wp:term":[{"taxonomy":"product_brand","embeddable":true,"href":"https:\/\/editura-unibuc.ro\/en\/wp-json\/wp\/v2\/product_brand?post=16304"},{"taxonomy":"product_cat","embeddable":true,"href":"https:\/\/editura-unibuc.ro\/en\/wp-json\/wp\/v2\/product_cat?post=16304"},{"taxonomy":"product_tag","embeddable":true,"href":"https:\/\/editura-unibuc.ro\/en\/wp-json\/wp\/v2\/product_tag?post=16304"}],"curies":[{"name":"wp","href":"https:\/\/api.w.org\/{rel}","templated":true}]}}