{"id":16306,"date":"2016-07-11T19:46:36","date_gmt":"2016-07-11T16:46:36","guid":{"rendered":"https:\/\/editura-unibuc.ro\/?post_type=product&#038;p=16306"},"modified":"2016-07-11T19:46:36","modified_gmt":"2016-07-11T16:46:36","slug":"some-insights-into-the-syntax-of-clitic-doubling","status":"publish","type":"product","link":"https:\/\/editura-unibuc.ro\/en\/some-insights-into-the-syntax-of-clitic-doubling\/","title":{"rendered":"SOME INSIGHTS INTO THE SYNTAX OF CLITIC DOUBLING"},"content":{"rendered":"<p>Acest volum reprezint\u0103 un demers \u015ftiin\u0163ific bine structurat  \u015fi argumentat, dedicat problemelor analizei sintactice a construc\u0163iilor cu \u201cclitic doubling\u201d, caracteristice limbilor romanice, dar \u015fi altor limbi, cum ar fi ebraica, greaca, bulgara sau albaneza. (Volumul este scris \u00een limba englez\u0103)<\/p>\n","protected":false},"excerpt":{"rendered":"<p>Acest volum reprezint\u0103 un demers \u015ftiin\u0163ific bine structurat \u015fi argumentat, dedicat problemelor analizei sintactice a construc\u0163iilor cu \u201cclitic doubling\u201d, caracteristice limbilor romanice, dar \u015fi altor limbi, cum ar fi ebraica, greaca, bulgara sau albaneza. (Volumul este scris \u00een limba englez\u0103)<\/p>\n","protected":false},"featured_media":16307,"comment_status":"open","ping_status":"closed","template":"","meta":[],"product_brand":[],"product_cat":[1464,979],"product_tag":[2183,2182,2184],"class_list":{"0":"post-16306","1":"product","2":"type-product","3":"status-publish","4":"has-post-thumbnail","6":"product_cat-filologie","7":"product_cat-limba-romana","8":"product_tag-alina-mihaela-tigau","9":"product_tag-clitic-doubling","10":"product_tag-romanian-language","12":"first","13":"instock","14":"shipping-taxable","15":"purchasable","16":"product-type-simple"},"_links":{"self":[{"href":"https:\/\/editura-unibuc.ro\/en\/wp-json\/wp\/v2\/product\/16306","targetHints":{"allow":["GET"]}}],"collection":[{"href":"https:\/\/editura-unibuc.ro\/en\/wp-json\/wp\/v2\/product"}],"about":[{"href":"https:\/\/editura-unibuc.ro\/en\/wp-json\/wp\/v2\/types\/product"}],"replies":[{"embeddable":true,"href":"https:\/\/editura-unibuc.ro\/en\/wp-json\/wp\/v2\/comments?post=16306"}],"wp:featuredmedia":[{"embeddable":true,"href":"https:\/\/editura-unibuc.ro\/en\/wp-json\/wp\/v2\/media\/16307"}],"wp:attachment":[{"href":"https:\/\/editura-unibuc.ro\/en\/wp-json\/wp\/v2\/media?parent=16306"}],"wp:term":[{"taxonomy":"product_brand","embeddable":true,"href":"https:\/\/editura-unibuc.ro\/en\/wp-json\/wp\/v2\/product_brand?post=16306"},{"taxonomy":"product_cat","embeddable":true,"href":"https:\/\/editura-unibuc.ro\/en\/wp-json\/wp\/v2\/product_cat?post=16306"},{"taxonomy":"product_tag","embeddable":true,"href":"https:\/\/editura-unibuc.ro\/en\/wp-json\/wp\/v2\/product_tag?post=16306"}],"curies":[{"name":"wp","href":"https:\/\/api.w.org\/{rel}","templated":true}]}}