{"id":16336,"date":"2016-07-18T17:11:39","date_gmt":"2016-07-18T14:11:39","guid":{"rendered":"https:\/\/editura-unibuc.ro\/?post_type=product&#038;p=16336"},"modified":"2016-07-18T17:11:39","modified_gmt":"2016-07-18T14:11:39","slug":"leadership-si-turbulenta","status":"publish","type":"product","link":"https:\/\/editura-unibuc.ro\/en\/leadership-si-turbulenta\/","title":{"rendered":"LEADERSHIP AND TURBULENCE"},"content":{"rendered":"<p>\u201eO reform\u0103 social\u0103 trece, iat\u0103, obligatoriu printr-o reform\u0103 a leadership-ului \u015fi deci printr-un efort de reg\u00e2ndire a politicilor, a stilului de guvernare, a concep\u0163iei guvern\u0103rii etc. Acesta este noul management care \u0163ine seama de toate tipurile de turbulen\u0163e, de la cele ale mediului natural (ecologice) la cele macrosociale \u015fi microsociale, adic\u0103 la turbulen\u0163ele contextuale ale mediilor de manifestare a grupurilor mici, a comunit\u0103\u0163ilor de toate tipurile.\u201d (Autoarea)<\/p>\n","protected":false},"excerpt":{"rendered":"<p>\u201eO reform\u0103 social\u0103 trece, iat\u0103, obligatoriu printr-o reform\u0103 a leadership-ului \u015fi deci printr-un efort de reg\u00e2ndire a politicilor, a stilului de guvernare, a concep\u0163iei guvern\u0103rii etc. Acesta este noul management care \u0163ine seama de toate tipurile de turbulen\u0163e, de la cele ale mediului natural (ecologice) la cele macrosociale \u015fi microsociale, adic\u0103 la turbulen\u0163ele contextuale ale [&hellip;]<\/p>\n","protected":false},"featured_media":16337,"comment_status":"open","ping_status":"closed","template":"","meta":[],"product_brand":[],"product_cat":[991,998],"product_tag":[2189,2185,2187,2186,2188],"class_list":{"0":"post-16336","1":"product","2":"type-product","3":"status-publish","4":"has-post-thumbnail","6":"product_cat-stiinte-sociale","7":"product_cat-sociologie-si-asistenta-sociala","8":"product_tag-cadrul-legislativ-familial","9":"product_tag-leadership","10":"product_tag-organizatii-sintetice","11":"product_tag-turbulenta","12":"product_tag-turbulente-in-mediul-familial","14":"first","15":"instock","16":"shipping-taxable","17":"purchasable","18":"product-type-simple"},"_links":{"self":[{"href":"https:\/\/editura-unibuc.ro\/en\/wp-json\/wp\/v2\/product\/16336","targetHints":{"allow":["GET"]}}],"collection":[{"href":"https:\/\/editura-unibuc.ro\/en\/wp-json\/wp\/v2\/product"}],"about":[{"href":"https:\/\/editura-unibuc.ro\/en\/wp-json\/wp\/v2\/types\/product"}],"replies":[{"embeddable":true,"href":"https:\/\/editura-unibuc.ro\/en\/wp-json\/wp\/v2\/comments?post=16336"}],"wp:featuredmedia":[{"embeddable":true,"href":"https:\/\/editura-unibuc.ro\/en\/wp-json\/wp\/v2\/media\/16337"}],"wp:attachment":[{"href":"https:\/\/editura-unibuc.ro\/en\/wp-json\/wp\/v2\/media?parent=16336"}],"wp:term":[{"taxonomy":"product_brand","embeddable":true,"href":"https:\/\/editura-unibuc.ro\/en\/wp-json\/wp\/v2\/product_brand?post=16336"},{"taxonomy":"product_cat","embeddable":true,"href":"https:\/\/editura-unibuc.ro\/en\/wp-json\/wp\/v2\/product_cat?post=16336"},{"taxonomy":"product_tag","embeddable":true,"href":"https:\/\/editura-unibuc.ro\/en\/wp-json\/wp\/v2\/product_tag?post=16336"}],"curies":[{"name":"wp","href":"https:\/\/api.w.org\/{rel}","templated":true}]}}