{"id":16340,"date":"2016-07-18T17:15:23","date_gmt":"2016-07-18T14:15:23","guid":{"rendered":"https:\/\/editura-unibuc.ro\/?post_type=product&#038;p=16340"},"modified":"2016-07-18T17:15:23","modified_gmt":"2016-07-18T14:15:23","slug":"persoanele-fara-adapost-in-bucuresti-studiu-de-geografie-umana","status":"publish","type":"product","link":"https:\/\/editura-unibuc.ro\/en\/persoanele-fara-adapost-in-bucuresti-studiu-de-geografie-umana\/","title":{"rendered":"THE HOMELESS PEOPLE IN BUCHAREST: A STUDY IN HUMAN GEOGRAPHY"},"content":{"rendered":"<p>\u201eLucrarea reprezint\u0103 primul studiu geografic dedicat unei categorii de popula\u0163ie marginalizate \u00een analizele de profil, dar \u015fi \u00een societate: <strong>persoanele f\u0103r\u0103 ad\u0103post<\/strong>. Din acest punct de vedere, pentru geografia uman\u0103 rom\u00e2neasc\u0103, aceast\u0103 cercetare constituie o real\u0103 contribu\u0163ie original\u0103. Prin subiectul abordat, lucrarea revitalizeaz\u0103 geografia social\u0103 din \u0163ara noastr\u0103, plas\u00e2nd-o \u00een r\u00e2ndul \u015ftiin\u0163elor care trateaz\u0103, dintr-o alt\u0103 perspectiv\u0103, un fenomen social redus ca pondere, dar deosebit de vizibil, cum este cel al persoanelor f\u0103r\u0103 ad\u0103post. Prin acest \u201esemnal\u201d \u015ftiin\u0163ific, la peste patru decenii de la apari\u0163ia primei lucr\u0103ri geografice \u00een domeniu la nivel mondial (<em>Social Justice and the City<\/em>, D. Harvey, 1973), se atrage aten\u0163ia asupra injusti\u0163iei sociale \u00een marile ora\u015fe (deci, inclusiv \u00een Bucure\u015fti).\u201d (prof. univ. dr. Ioan Iano\u015f, Universitatea din Bucure\u015fti)<\/p>\n","protected":false},"excerpt":{"rendered":"<p>\u201eLucrarea reprezint\u0103 primul studiu geografic dedicat unei categorii de popula\u0163ie marginalizate \u00een analizele de profil, dar \u015fi \u00een societate: persoanele f\u0103r\u0103 ad\u0103post. Din acest punct de vedere, pentru geografia uman\u0103 rom\u00e2neasc\u0103, aceast\u0103 cercetare constituie o real\u0103 contribu\u0163ie original\u0103. Prin subiectul abordat, lucrarea revitalizeaz\u0103 geografia social\u0103 din \u0163ara noastr\u0103, plas\u00e2nd-o \u00een r\u00e2ndul \u015ftiin\u0163elor care trateaz\u0103, dintr-o [&hellip;]<\/p>\n","protected":false},"featured_media":16341,"comment_status":"open","ping_status":"closed","template":"","meta":[],"product_brand":[],"product_cat":[1466,989],"product_tag":[1152,2197,2194,2195,2196],"class_list":{"0":"post-16340","1":"product","2":"type-product","3":"status-publish","4":"has-post-thumbnail","6":"product_cat-stiinte-ale-naturii","7":"product_cat-geografie","8":"product_tag-bucuresti","9":"product_tag-geografie-sociala","10":"product_tag-persoane-fara-adapost","11":"product_tag-saracie-urbana","12":"product_tag-spatiu-urban","14":"first","15":"instock","16":"shipping-taxable","17":"purchasable","18":"product-type-simple"},"_links":{"self":[{"href":"https:\/\/editura-unibuc.ro\/en\/wp-json\/wp\/v2\/product\/16340","targetHints":{"allow":["GET"]}}],"collection":[{"href":"https:\/\/editura-unibuc.ro\/en\/wp-json\/wp\/v2\/product"}],"about":[{"href":"https:\/\/editura-unibuc.ro\/en\/wp-json\/wp\/v2\/types\/product"}],"replies":[{"embeddable":true,"href":"https:\/\/editura-unibuc.ro\/en\/wp-json\/wp\/v2\/comments?post=16340"}],"wp:featuredmedia":[{"embeddable":true,"href":"https:\/\/editura-unibuc.ro\/en\/wp-json\/wp\/v2\/media\/16341"}],"wp:attachment":[{"href":"https:\/\/editura-unibuc.ro\/en\/wp-json\/wp\/v2\/media?parent=16340"}],"wp:term":[{"taxonomy":"product_brand","embeddable":true,"href":"https:\/\/editura-unibuc.ro\/en\/wp-json\/wp\/v2\/product_brand?post=16340"},{"taxonomy":"product_cat","embeddable":true,"href":"https:\/\/editura-unibuc.ro\/en\/wp-json\/wp\/v2\/product_cat?post=16340"},{"taxonomy":"product_tag","embeddable":true,"href":"https:\/\/editura-unibuc.ro\/en\/wp-json\/wp\/v2\/product_tag?post=16340"}],"curies":[{"name":"wp","href":"https:\/\/api.w.org\/{rel}","templated":true}]}}