{"id":16342,"date":"2016-07-18T17:17:02","date_gmt":"2016-07-18T14:17:02","guid":{"rendered":"https:\/\/editura-unibuc.ro\/?post_type=product&#038;p=16342"},"modified":"2025-08-08T13:20:46","modified_gmt":"2025-08-08T10:20:46","slug":"studia-politica-romanian-political-science-review-vol-xvi-no-1-2016","status":"publish","type":"product","link":"https:\/\/editura-unibuc.ro\/en\/studia-politica-romanian-political-science-review-vol-xvi-no-1-2016\/","title":{"rendered":"STUDIA POLITICA \u2013 ROMANIAN POLITICAL SCIENCE REVIEW, Vol. XVI, no. 1, 2016"},"content":{"rendered":"<p>Mykola Kapitonenko, \u201eUkrainian Crisis as an Ongoing Threat to Regional Security\u201d; Armand Go\u015fu, \u201eRepublic of Moldova. The Year 2015 in Politics\u201d; Lesya Dorosh, Yaryna Turchyn, \u201eAlternative New Collective Security Models. Options for Countries of Eastern Europe\u201d; Christian Wevelsiep, \u201eDie Gewaltf\u00e4higkeit des modernen Staates. \u00dcber das Verh\u00e4ltnis von Staat und Krieg\u201d; Andrada Cre\u0163anu, \u201eCharles de Gaulle et le Moyen Orient apr\u00e8s 1967. La lecture des \u00e9v\u00e9nements politiques et leur influence sur la prise de position de De Gaulle en 1967\u201d; Lofti Sour, \u201eUnderstanding Political Islam in Algeria. Experiences, Past and Present\u201d; Bogdan Alexandru Duca, \u201eProprietatea \u00een doctrina social\u0103 catolic\u0103. Magisteriu \u015fi praxis\u201d.<\/p>\n","protected":false},"excerpt":{"rendered":"<p>Mykola Kapitonenko, \u201eUkrainian Crisis as an Ongoing Threat to Regional Security\u201d; Armand Go\u015fu, \u201eRepublic of Moldova. The Year 2015 in Politics\u201d; Lesya Dorosh, Yaryna Turchyn, \u201eAlternative New Collective Security Models. Options for Countries of Eastern Europe\u201d; Christian Wevelsiep, \u201eDie Gewaltf\u00e4higkeit des modernen Staates. \u00dcber das Verh\u00e4ltnis von Staat und Krieg\u201d; Andrada Cre\u0163anu, \u201eCharles de Gaulle [&hellip;]<\/p>\n","protected":false},"featured_media":16343,"comment_status":"open","ping_status":"closed","template":"","meta":[],"product_brand":[],"product_cat":[3904,1469,1893,991,995],"product_tag":[2201,1581,2200,2199,2198],"class_list":{"0":"post-16342","1":"product","2":"type-product","3":"status-publish","4":"has-post-thumbnail","6":"product_cat-studia-politica-reviste","7":"product_cat-periodice","8":"product_cat-reviste-academice","9":"product_cat-stiinte-sociale","10":"product_cat-istorie-stiinte-politice","11":"product_tag-doctrina-sociala-catolica","12":"product_tag-europa-de-est","13":"product_tag-islam","14":"product_tag-orientul-mijlociu","15":"product_tag-securitate-regionala","17":"first","18":"outofstock","19":"shipping-taxable","20":"purchasable","21":"product-type-simple"},"_links":{"self":[{"href":"https:\/\/editura-unibuc.ro\/en\/wp-json\/wp\/v2\/product\/16342","targetHints":{"allow":["GET"]}}],"collection":[{"href":"https:\/\/editura-unibuc.ro\/en\/wp-json\/wp\/v2\/product"}],"about":[{"href":"https:\/\/editura-unibuc.ro\/en\/wp-json\/wp\/v2\/types\/product"}],"replies":[{"embeddable":true,"href":"https:\/\/editura-unibuc.ro\/en\/wp-json\/wp\/v2\/comments?post=16342"}],"wp:featuredmedia":[{"embeddable":true,"href":"https:\/\/editura-unibuc.ro\/en\/wp-json\/wp\/v2\/media\/16343"}],"wp:attachment":[{"href":"https:\/\/editura-unibuc.ro\/en\/wp-json\/wp\/v2\/media?parent=16342"}],"wp:term":[{"taxonomy":"product_brand","embeddable":true,"href":"https:\/\/editura-unibuc.ro\/en\/wp-json\/wp\/v2\/product_brand?post=16342"},{"taxonomy":"product_cat","embeddable":true,"href":"https:\/\/editura-unibuc.ro\/en\/wp-json\/wp\/v2\/product_cat?post=16342"},{"taxonomy":"product_tag","embeddable":true,"href":"https:\/\/editura-unibuc.ro\/en\/wp-json\/wp\/v2\/product_tag?post=16342"}],"curies":[{"name":"wp","href":"https:\/\/api.w.org\/{rel}","templated":true}]}}